{"id":563,"date":"2024-08-26T11:41:14","date_gmt":"2024-08-26T09:41:14","guid":{"rendered":"https:\/\/store.transpod.com\/?post_type=product&#038;p=563"},"modified":"2024-08-26T12:04:09","modified_gmt":"2024-08-26T10:04:09","slug":"illustration-city-sunrise-copy","status":"publish","type":"product","link":"https:\/\/store.transpod.com\/fr\/produit\/illustration-city-sunrise-copy\/","title":{"rendered":"Illustration \u00ab\u00a0Together\u00a0\u00bb"},"content":{"rendered":"","protected":false},"excerpt":{"rendered":"<div class=\"flex-shrink-0 flex flex-col relative items-end\">\n<div>\n<div class=\"pt-0.5 juice:pt-0\">\n<div class=\"gizmo-bot-avatar flex h-6 w-6 items-center justify-center overflow-hidden rounded-full juice:h-8 juice:w-8\">\n<div class=\"relative p-1 rounded-sm flex items-center justify-center bg-token-main-surface-primary text-token-text-primary h-6 w-6\">D\u00e9couvrez les tirages exclusifs en ligne de TransPod r\u00e9alis\u00e9s par le talentueux artiste Benjamin Gendron. Sa magnifique illustration pr\u00e9sente notre syst\u00e8me r\u00e9unissant les personnes qui comptent le plus, plus rapidement. Cr\u00e9\u00e9e en utilisant une combinaison d&rsquo;\u00e9l\u00e9ments 2D et 3D sur une tablette graphique avec Photoshop, cette magnifique \u0153uvre d&rsquo;art est disponible en deux tailles, en poster ou encadr\u00e9e, exclusivement sur notre boutique en ligne. Sublimez votre espace avec cette pi\u00e8ce captivante d\u00e8s aujourd&rsquo;hui.<\/div>\n<\/div>\n<\/div>\n<\/div>\n<\/div>\n","protected":false},"featured_media":569,"template":"","meta":{"_acf_changed":false,"inline_featured_image":false},"product_brand":[],"product_cat":[69,38],"product_tag":[],"class_list":{"0":"post-563","1":"product","2":"type-product","3":"status-publish","4":"has-post-thumbnail","6":"product_cat-illustrations-fr","7":"product_cat-lifestyle","9":"first","10":"instock","11":"taxable","12":"shipping-taxable","13":"purchasable","14":"product-type-variable"},"acf":[],"yoast_head":"<!-- This site is optimized with the Yoast SEO plugin v27.5 - https:\/\/yoast.com\/product\/yoast-seo-wordpress\/ -->\n<title>Illustration &quot;Together&quot; - Official TransPod Store<\/title>\n<meta name=\"robots\" content=\"index, follow, max-snippet:-1, max-image-preview:large, max-video-preview:-1\" \/>\n<link rel=\"canonical\" href=\"https:\/\/store.transpod.com\/fr\/produit\/illustration-city-sunrise-copy\/\" \/>\n<meta property=\"og:locale\" content=\"fr_FR\" \/>\n<meta property=\"og:type\" content=\"article\" \/>\n<meta property=\"og:title\" content=\"Illustration &quot;Together&quot; - Official TransPod Store\" \/>\n<meta property=\"og:description\" content=\"D\u00e9couvrez les tirages exclusifs en ligne de TransPod r\u00e9alis\u00e9s par le talentueux artiste Benjamin Gendron. Sa magnifique illustration pr\u00e9sente notre syst\u00e8me r\u00e9unissant les personnes qui comptent le plus, plus rapidement. Cr\u00e9\u00e9e en utilisant une combinaison d&#039;\u00e9l\u00e9ments 2D et 3D sur une tablette graphique avec Photoshop, cette magnifique \u0153uvre d&#039;art est disponible en deux tailles, en poster ou encadr\u00e9e, exclusivement sur notre boutique en ligne. Sublimez votre espace avec cette pi\u00e8ce captivante d\u00e8s aujourd&#039;hui.\" \/>\n<meta property=\"og:url\" content=\"https:\/\/store.transpod.com\/fr\/produit\/illustration-city-sunrise-copy\/\" \/>\n<meta property=\"og:site_name\" content=\"Official TransPod Store\" \/>\n<meta property=\"article:publisher\" content=\"https:\/\/www.facebook.com\/TransPodInc\" \/>\n<meta property=\"article:modified_time\" content=\"2024-08-26T10:04:09+00:00\" \/>\n<meta property=\"og:image\" content=\"https:\/\/store.transpod.com\/wp-content\/uploads\/2024\/08\/2024_08_26_Studio_illustration_benj_02_carre_ld.png\" \/>\n\t<meta property=\"og:image:width\" content=\"847\" \/>\n\t<meta property=\"og:image:height\" content=\"847\" \/>\n\t<meta property=\"og:image:type\" content=\"image\/png\" \/>\n<meta name=\"twitter:card\" content=\"summary_large_image\" \/>\n<meta name=\"twitter:site\" content=\"@transpod_inc\" \/>\n<meta name=\"twitter:label1\" content=\"Dur\u00e9e de lecture estim\u00e9e\" \/>\n\t<meta name=\"twitter:data1\" content=\"1 minute\" \/>\n<script type=\"application\/ld+json\" class=\"yoast-schema-graph\">{\"@context\":\"https:\\\/\\\/schema.org\",\"@graph\":[{\"@type\":\"WebPage\",\"@id\":\"https:\\\/\\\/store.transpod.com\\\/fr\\\/produit\\\/illustration-city-sunrise-copy\\\/\",\"url\":\"https:\\\/\\\/store.transpod.com\\\/fr\\\/produit\\\/illustration-city-sunrise-copy\\\/\",\"name\":\"Illustration \\\"Together\\\" - Official TransPod Store\",\"isPartOf\":{\"@id\":\"https:\\\/\\\/store.transpod.com\\\/fr\\\/#website\"},\"primaryImageOfPage\":{\"@id\":\"https:\\\/\\\/store.transpod.com\\\/fr\\\/produit\\\/illustration-city-sunrise-copy\\\/#primaryimage\"},\"image\":{\"@id\":\"https:\\\/\\\/store.transpod.com\\\/fr\\\/produit\\\/illustration-city-sunrise-copy\\\/#primaryimage\"},\"thumbnailUrl\":\"https:\\\/\\\/store.transpod.com\\\/wp-content\\\/uploads\\\/2024\\\/08\\\/2024_08_26_Studio_illustration_benj_02_carre_ld.png\",\"datePublished\":\"2024-08-26T09:41:14+00:00\",\"dateModified\":\"2024-08-26T10:04:09+00:00\",\"breadcrumb\":{\"@id\":\"https:\\\/\\\/store.transpod.com\\\/fr\\\/produit\\\/illustration-city-sunrise-copy\\\/#breadcrumb\"},\"inLanguage\":\"fr-FR\",\"potentialAction\":[{\"@type\":\"ReadAction\",\"target\":[\"https:\\\/\\\/store.transpod.com\\\/fr\\\/produit\\\/illustration-city-sunrise-copy\\\/\"]}]},{\"@type\":\"ImageObject\",\"inLanguage\":\"fr-FR\",\"@id\":\"https:\\\/\\\/store.transpod.com\\\/fr\\\/produit\\\/illustration-city-sunrise-copy\\\/#primaryimage\",\"url\":\"https:\\\/\\\/store.transpod.com\\\/wp-content\\\/uploads\\\/2024\\\/08\\\/2024_08_26_Studio_illustration_benj_02_carre_ld.png\",\"contentUrl\":\"https:\\\/\\\/store.transpod.com\\\/wp-content\\\/uploads\\\/2024\\\/08\\\/2024_08_26_Studio_illustration_benj_02_carre_ld.png\",\"width\":847,\"height\":847},{\"@type\":\"BreadcrumbList\",\"@id\":\"https:\\\/\\\/store.transpod.com\\\/fr\\\/produit\\\/illustration-city-sunrise-copy\\\/#breadcrumb\",\"itemListElement\":[{\"@type\":\"ListItem\",\"position\":1,\"name\":\"Home\",\"item\":\"https:\\\/\\\/store.transpod.com\\\/fr\\\/\"},{\"@type\":\"ListItem\",\"position\":2,\"name\":\"Boutique\",\"item\":\"https:\\\/\\\/store.transpod.com\\\/fr\\\/boutique\\\/\"},{\"@type\":\"ListItem\",\"position\":3,\"name\":\"Illustration &#8220;Together&#8221;\"}]},{\"@type\":\"WebSite\",\"@id\":\"https:\\\/\\\/store.transpod.com\\\/fr\\\/#website\",\"url\":\"https:\\\/\\\/store.transpod.com\\\/fr\\\/\",\"name\":\"Official TransPod Store\",\"description\":\"\",\"publisher\":{\"@id\":\"https:\\\/\\\/store.transpod.com\\\/fr\\\/#organization\"},\"potentialAction\":[{\"@type\":\"SearchAction\",\"target\":{\"@type\":\"EntryPoint\",\"urlTemplate\":\"https:\\\/\\\/store.transpod.com\\\/fr\\\/?s={search_term_string}\"},\"query-input\":{\"@type\":\"PropertyValueSpecification\",\"valueRequired\":true,\"valueName\":\"search_term_string\"}}],\"inLanguage\":\"fr-FR\"},{\"@type\":\"Organization\",\"@id\":\"https:\\\/\\\/store.transpod.com\\\/fr\\\/#organization\",\"name\":\"Official TransPod Store\",\"url\":\"https:\\\/\\\/store.transpod.com\\\/fr\\\/\",\"logo\":{\"@type\":\"ImageObject\",\"inLanguage\":\"fr-FR\",\"@id\":\"https:\\\/\\\/store.transpod.com\\\/fr\\\/#\\\/schema\\\/logo\\\/image\\\/\",\"url\":\"https:\\\/\\\/store.transpod.com\\\/wp-content\\\/uploads\\\/2026\\\/03\\\/TransPod_Logo_Colour_black.png\",\"contentUrl\":\"https:\\\/\\\/store.transpod.com\\\/wp-content\\\/uploads\\\/2026\\\/03\\\/TransPod_Logo_Colour_black.png\",\"width\":988,\"height\":896,\"caption\":\"Official TransPod Store\"},\"image\":{\"@id\":\"https:\\\/\\\/store.transpod.com\\\/fr\\\/#\\\/schema\\\/logo\\\/image\\\/\"},\"sameAs\":[\"https:\\\/\\\/www.facebook.com\\\/TransPodInc\",\"https:\\\/\\\/x.com\\\/transpod_inc\",\"https:\\\/\\\/www.linkedin.com\\\/company\\\/transpod-inc-\\\/\",\"https:\\\/\\\/www.instagram.com\\\/transpod_inc\\\/\",\"https:\\\/\\\/www.youtube.com\\\/c\\\/TransPod\"]}]}<\/script>\n<!-- \/ Yoast SEO plugin. -->","yoast_head_json":{"title":"Illustration \"Together\" - Official TransPod Store","robots":{"index":"index","follow":"follow","max-snippet":"max-snippet:-1","max-image-preview":"max-image-preview:large","max-video-preview":"max-video-preview:-1"},"canonical":"https:\/\/store.transpod.com\/fr\/produit\/illustration-city-sunrise-copy\/","og_locale":"fr_FR","og_type":"article","og_title":"Illustration \"Together\" - Official TransPod Store","og_description":"D\u00e9couvrez les tirages exclusifs en ligne de TransPod r\u00e9alis\u00e9s par le talentueux artiste Benjamin Gendron. Sa magnifique illustration pr\u00e9sente notre syst\u00e8me r\u00e9unissant les personnes qui comptent le plus, plus rapidement. Cr\u00e9\u00e9e en utilisant une combinaison d'\u00e9l\u00e9ments 2D et 3D sur une tablette graphique avec Photoshop, cette magnifique \u0153uvre d'art est disponible en deux tailles, en poster ou encadr\u00e9e, exclusivement sur notre boutique en ligne. Sublimez votre espace avec cette pi\u00e8ce captivante d\u00e8s aujourd'hui.","og_url":"https:\/\/store.transpod.com\/fr\/produit\/illustration-city-sunrise-copy\/","og_site_name":"Official TransPod Store","article_publisher":"https:\/\/www.facebook.com\/TransPodInc","article_modified_time":"2024-08-26T10:04:09+00:00","og_image":[{"width":847,"height":847,"url":"https:\/\/store.transpod.com\/wp-content\/uploads\/2024\/08\/2024_08_26_Studio_illustration_benj_02_carre_ld.png","type":"image\/png"}],"twitter_card":"summary_large_image","twitter_site":"@transpod_inc","twitter_misc":{"Dur\u00e9e de lecture estim\u00e9e":"1 minute"},"schema":{"@context":"https:\/\/schema.org","@graph":[{"@type":"WebPage","@id":"https:\/\/store.transpod.com\/fr\/produit\/illustration-city-sunrise-copy\/","url":"https:\/\/store.transpod.com\/fr\/produit\/illustration-city-sunrise-copy\/","name":"Illustration \"Together\" - Official TransPod Store","isPartOf":{"@id":"https:\/\/store.transpod.com\/fr\/#website"},"primaryImageOfPage":{"@id":"https:\/\/store.transpod.com\/fr\/produit\/illustration-city-sunrise-copy\/#primaryimage"},"image":{"@id":"https:\/\/store.transpod.com\/fr\/produit\/illustration-city-sunrise-copy\/#primaryimage"},"thumbnailUrl":"https:\/\/store.transpod.com\/wp-content\/uploads\/2024\/08\/2024_08_26_Studio_illustration_benj_02_carre_ld.png","datePublished":"2024-08-26T09:41:14+00:00","dateModified":"2024-08-26T10:04:09+00:00","breadcrumb":{"@id":"https:\/\/store.transpod.com\/fr\/produit\/illustration-city-sunrise-copy\/#breadcrumb"},"inLanguage":"fr-FR","potentialAction":[{"@type":"ReadAction","target":["https:\/\/store.transpod.com\/fr\/produit\/illustration-city-sunrise-copy\/"]}]},{"@type":"ImageObject","inLanguage":"fr-FR","@id":"https:\/\/store.transpod.com\/fr\/produit\/illustration-city-sunrise-copy\/#primaryimage","url":"https:\/\/store.transpod.com\/wp-content\/uploads\/2024\/08\/2024_08_26_Studio_illustration_benj_02_carre_ld.png","contentUrl":"https:\/\/store.transpod.com\/wp-content\/uploads\/2024\/08\/2024_08_26_Studio_illustration_benj_02_carre_ld.png","width":847,"height":847},{"@type":"BreadcrumbList","@id":"https:\/\/store.transpod.com\/fr\/produit\/illustration-city-sunrise-copy\/#breadcrumb","itemListElement":[{"@type":"ListItem","position":1,"name":"Home","item":"https:\/\/store.transpod.com\/fr\/"},{"@type":"ListItem","position":2,"name":"Boutique","item":"https:\/\/store.transpod.com\/fr\/boutique\/"},{"@type":"ListItem","position":3,"name":"Illustration &#8220;Together&#8221;"}]},{"@type":"WebSite","@id":"https:\/\/store.transpod.com\/fr\/#website","url":"https:\/\/store.transpod.com\/fr\/","name":"Official TransPod Store","description":"","publisher":{"@id":"https:\/\/store.transpod.com\/fr\/#organization"},"potentialAction":[{"@type":"SearchAction","target":{"@type":"EntryPoint","urlTemplate":"https:\/\/store.transpod.com\/fr\/?s={search_term_string}"},"query-input":{"@type":"PropertyValueSpecification","valueRequired":true,"valueName":"search_term_string"}}],"inLanguage":"fr-FR"},{"@type":"Organization","@id":"https:\/\/store.transpod.com\/fr\/#organization","name":"Official TransPod Store","url":"https:\/\/store.transpod.com\/fr\/","logo":{"@type":"ImageObject","inLanguage":"fr-FR","@id":"https:\/\/store.transpod.com\/fr\/#\/schema\/logo\/image\/","url":"https:\/\/store.transpod.com\/wp-content\/uploads\/2026\/03\/TransPod_Logo_Colour_black.png","contentUrl":"https:\/\/store.transpod.com\/wp-content\/uploads\/2026\/03\/TransPod_Logo_Colour_black.png","width":988,"height":896,"caption":"Official TransPod Store"},"image":{"@id":"https:\/\/store.transpod.com\/fr\/#\/schema\/logo\/image\/"},"sameAs":["https:\/\/www.facebook.com\/TransPodInc","https:\/\/x.com\/transpod_inc","https:\/\/www.linkedin.com\/company\/transpod-inc-\/","https:\/\/www.instagram.com\/transpod_inc\/","https:\/\/www.youtube.com\/c\/TransPod"]}]}},"_links":{"self":[{"href":"https:\/\/store.transpod.com\/fr\/wp-json\/wp\/v2\/product\/563","targetHints":{"allow":["GET"]}}],"collection":[{"href":"https:\/\/store.transpod.com\/fr\/wp-json\/wp\/v2\/product"}],"about":[{"href":"https:\/\/store.transpod.com\/fr\/wp-json\/wp\/v2\/types\/product"}],"wp:featuredmedia":[{"embeddable":true,"href":"https:\/\/store.transpod.com\/fr\/wp-json\/wp\/v2\/media\/569"}],"wp:attachment":[{"href":"https:\/\/store.transpod.com\/fr\/wp-json\/wp\/v2\/media?parent=563"}],"wp:term":[{"taxonomy":"product_brand","embeddable":true,"href":"https:\/\/store.transpod.com\/fr\/wp-json\/wp\/v2\/product_brand?post=563"},{"taxonomy":"product_cat","embeddable":true,"href":"https:\/\/store.transpod.com\/fr\/wp-json\/wp\/v2\/product_cat?post=563"},{"taxonomy":"product_tag","embeddable":true,"href":"https:\/\/store.transpod.com\/fr\/wp-json\/wp\/v2\/product_tag?post=563"}],"curies":[{"name":"wp","href":"https:\/\/api.w.org\/{rel}","templated":true}]}}