{"id":384,"date":"2024-03-29T16:32:06","date_gmt":"2024-03-29T15:32:06","guid":{"rendered":"https:\/\/store.transpod.com\/product\/illustration\/"},"modified":"2024-06-05T11:26:25","modified_gmt":"2024-06-05T09:26:25","slug":"illustration","status":"publish","type":"product","link":"https:\/\/store.transpod.com\/fr\/produit\/illustration\/","title":{"rendered":"Illustration \u00ab\u00a0High-Speed Breakthrough\u00a0\u00bb"},"content":{"rendered":"","protected":false},"excerpt":{"rendered":"<p>Bienvenue dans les coulisses de TransPod avec cette illustration exclusive repr\u00e9sentant notre v\u00e9hicule en action. Rehaussez votre int\u00e9rieur avec une impression de haute qualit\u00e9 de cette illustration r\u00e9alis\u00e9e par notre directeur du design, Augustin Boisleux. Cette illustration a \u00e9t\u00e9 m\u00e9ticuleusement r\u00e9alis\u00e9e au stylo \u00e0 bille, puis coloris\u00e9e \u00e0 la tablette graphique sur Photoshop, pour une \u0153uvre d\u2019art authentique. Disponible en deux tailles, vous pouvez choisir de d\u00e9corer votre espace avec une affiche ou de la mettre en valeur gr\u00e2ce \u00e0 un encadrement de haute qualit\u00e9.<\/p>\n","protected":false},"featured_media":550,"template":"","meta":{"_acf_changed":false,"inline_featured_image":false},"product_brand":[],"product_cat":[38],"product_tag":[],"class_list":{"0":"post-384","1":"product","2":"type-product","3":"status-publish","4":"has-post-thumbnail","6":"product_cat-lifestyle","8":"first","9":"instock","10":"taxable","11":"shipping-taxable","12":"purchasable","13":"product-type-variable"},"acf":[],"yoast_head":"<!-- This site is optimized with the Yoast SEO plugin v27.5 - https:\/\/yoast.com\/product\/yoast-seo-wordpress\/ -->\n<title>Illustration &quot;High-Speed Breakthrough&quot; - Official TransPod Store<\/title>\n<meta name=\"robots\" content=\"index, follow, max-snippet:-1, max-image-preview:large, max-video-preview:-1\" \/>\n<link rel=\"canonical\" href=\"https:\/\/store.transpod.com\/fr\/produit\/illustration\/\" \/>\n<meta property=\"og:locale\" content=\"fr_FR\" \/>\n<meta property=\"og:type\" content=\"article\" \/>\n<meta property=\"og:title\" content=\"Illustration &quot;High-Speed Breakthrough&quot; - Official TransPod Store\" \/>\n<meta property=\"og:description\" content=\"Bienvenue dans les coulisses de TransPod avec cette illustration exclusive repr\u00e9sentant notre v\u00e9hicule en action. Rehaussez votre int\u00e9rieur avec une impression de haute qualit\u00e9 de cette illustration r\u00e9alis\u00e9e par notre directeur du design, Augustin Boisleux. Cette illustration a \u00e9t\u00e9 m\u00e9ticuleusement r\u00e9alis\u00e9e au stylo \u00e0 bille, puis coloris\u00e9e \u00e0 la tablette graphique sur Photoshop, pour une \u0153uvre d\u2019art authentique. Disponible en deux tailles, vous pouvez choisir de d\u00e9corer votre espace avec une affiche ou de la mettre en valeur gr\u00e2ce \u00e0 un encadrement de haute qualit\u00e9.\" \/>\n<meta property=\"og:url\" content=\"https:\/\/store.transpod.com\/fr\/produit\/illustration\/\" \/>\n<meta property=\"og:site_name\" content=\"Official TransPod Store\" \/>\n<meta property=\"article:publisher\" content=\"https:\/\/www.facebook.com\/TransPodInc\" \/>\n<meta property=\"article:modified_time\" content=\"2024-06-05T09:26:25+00:00\" \/>\n<meta property=\"og:image\" content=\"https:\/\/store.transpod.com\/wp-content\/uploads\/2024\/06\/2024_05_31_Studio_illustration-bic-reframed.jpg\" \/>\n\t<meta property=\"og:image:width\" content=\"839\" \/>\n\t<meta property=\"og:image:height\" content=\"839\" \/>\n\t<meta property=\"og:image:type\" content=\"image\/jpeg\" \/>\n<meta name=\"twitter:card\" content=\"summary_large_image\" \/>\n<meta name=\"twitter:site\" content=\"@transpod_inc\" \/>\n<meta name=\"twitter:label1\" content=\"Dur\u00e9e de lecture estim\u00e9e\" \/>\n\t<meta name=\"twitter:data1\" content=\"1 minute\" \/>\n<script type=\"application\/ld+json\" class=\"yoast-schema-graph\">{\"@context\":\"https:\\\/\\\/schema.org\",\"@graph\":[{\"@type\":\"WebPage\",\"@id\":\"https:\\\/\\\/store.transpod.com\\\/fr\\\/produit\\\/illustration\\\/\",\"url\":\"https:\\\/\\\/store.transpod.com\\\/fr\\\/produit\\\/illustration\\\/\",\"name\":\"Illustration \\\"High-Speed Breakthrough\\\" - Official TransPod Store\",\"isPartOf\":{\"@id\":\"https:\\\/\\\/store.transpod.com\\\/fr\\\/#website\"},\"primaryImageOfPage\":{\"@id\":\"https:\\\/\\\/store.transpod.com\\\/fr\\\/produit\\\/illustration\\\/#primaryimage\"},\"image\":{\"@id\":\"https:\\\/\\\/store.transpod.com\\\/fr\\\/produit\\\/illustration\\\/#primaryimage\"},\"thumbnailUrl\":\"https:\\\/\\\/store.transpod.com\\\/wp-content\\\/uploads\\\/2024\\\/06\\\/2024_05_31_Studio_illustration-bic-reframed.jpg\",\"datePublished\":\"2024-03-29T15:32:06+00:00\",\"dateModified\":\"2024-06-05T09:26:25+00:00\",\"breadcrumb\":{\"@id\":\"https:\\\/\\\/store.transpod.com\\\/fr\\\/produit\\\/illustration\\\/#breadcrumb\"},\"inLanguage\":\"fr-FR\",\"potentialAction\":[{\"@type\":\"ReadAction\",\"target\":[\"https:\\\/\\\/store.transpod.com\\\/fr\\\/produit\\\/illustration\\\/\"]}]},{\"@type\":\"ImageObject\",\"inLanguage\":\"fr-FR\",\"@id\":\"https:\\\/\\\/store.transpod.com\\\/fr\\\/produit\\\/illustration\\\/#primaryimage\",\"url\":\"https:\\\/\\\/store.transpod.com\\\/wp-content\\\/uploads\\\/2024\\\/06\\\/2024_05_31_Studio_illustration-bic-reframed.jpg\",\"contentUrl\":\"https:\\\/\\\/store.transpod.com\\\/wp-content\\\/uploads\\\/2024\\\/06\\\/2024_05_31_Studio_illustration-bic-reframed.jpg\",\"width\":839,\"height\":839},{\"@type\":\"BreadcrumbList\",\"@id\":\"https:\\\/\\\/store.transpod.com\\\/fr\\\/produit\\\/illustration\\\/#breadcrumb\",\"itemListElement\":[{\"@type\":\"ListItem\",\"position\":1,\"name\":\"Home\",\"item\":\"https:\\\/\\\/store.transpod.com\\\/fr\\\/\"},{\"@type\":\"ListItem\",\"position\":2,\"name\":\"Boutique\",\"item\":\"https:\\\/\\\/store.transpod.com\\\/fr\\\/boutique\\\/\"},{\"@type\":\"ListItem\",\"position\":3,\"name\":\"Illustration &#8220;High-Speed Breakthrough&#8221;\"}]},{\"@type\":\"WebSite\",\"@id\":\"https:\\\/\\\/store.transpod.com\\\/fr\\\/#website\",\"url\":\"https:\\\/\\\/store.transpod.com\\\/fr\\\/\",\"name\":\"Official TransPod Store\",\"description\":\"\",\"publisher\":{\"@id\":\"https:\\\/\\\/store.transpod.com\\\/fr\\\/#organization\"},\"potentialAction\":[{\"@type\":\"SearchAction\",\"target\":{\"@type\":\"EntryPoint\",\"urlTemplate\":\"https:\\\/\\\/store.transpod.com\\\/fr\\\/?s={search_term_string}\"},\"query-input\":{\"@type\":\"PropertyValueSpecification\",\"valueRequired\":true,\"valueName\":\"search_term_string\"}}],\"inLanguage\":\"fr-FR\"},{\"@type\":\"Organization\",\"@id\":\"https:\\\/\\\/store.transpod.com\\\/fr\\\/#organization\",\"name\":\"Official TransPod Store\",\"url\":\"https:\\\/\\\/store.transpod.com\\\/fr\\\/\",\"logo\":{\"@type\":\"ImageObject\",\"inLanguage\":\"fr-FR\",\"@id\":\"https:\\\/\\\/store.transpod.com\\\/fr\\\/#\\\/schema\\\/logo\\\/image\\\/\",\"url\":\"https:\\\/\\\/store.transpod.com\\\/wp-content\\\/uploads\\\/2026\\\/03\\\/TransPod_Logo_Colour_black.png\",\"contentUrl\":\"https:\\\/\\\/store.transpod.com\\\/wp-content\\\/uploads\\\/2026\\\/03\\\/TransPod_Logo_Colour_black.png\",\"width\":988,\"height\":896,\"caption\":\"Official TransPod Store\"},\"image\":{\"@id\":\"https:\\\/\\\/store.transpod.com\\\/fr\\\/#\\\/schema\\\/logo\\\/image\\\/\"},\"sameAs\":[\"https:\\\/\\\/www.facebook.com\\\/TransPodInc\",\"https:\\\/\\\/x.com\\\/transpod_inc\",\"https:\\\/\\\/www.linkedin.com\\\/company\\\/transpod-inc-\\\/\",\"https:\\\/\\\/www.instagram.com\\\/transpod_inc\\\/\",\"https:\\\/\\\/www.youtube.com\\\/c\\\/TransPod\"]}]}<\/script>\n<!-- \/ Yoast SEO plugin. -->","yoast_head_json":{"title":"Illustration \"High-Speed Breakthrough\" - Official TransPod Store","robots":{"index":"index","follow":"follow","max-snippet":"max-snippet:-1","max-image-preview":"max-image-preview:large","max-video-preview":"max-video-preview:-1"},"canonical":"https:\/\/store.transpod.com\/fr\/produit\/illustration\/","og_locale":"fr_FR","og_type":"article","og_title":"Illustration \"High-Speed Breakthrough\" - Official TransPod Store","og_description":"Bienvenue dans les coulisses de TransPod avec cette illustration exclusive repr\u00e9sentant notre v\u00e9hicule en action. Rehaussez votre int\u00e9rieur avec une impression de haute qualit\u00e9 de cette illustration r\u00e9alis\u00e9e par notre directeur du design, Augustin Boisleux. Cette illustration a \u00e9t\u00e9 m\u00e9ticuleusement r\u00e9alis\u00e9e au stylo \u00e0 bille, puis coloris\u00e9e \u00e0 la tablette graphique sur Photoshop, pour une \u0153uvre d\u2019art authentique. Disponible en deux tailles, vous pouvez choisir de d\u00e9corer votre espace avec une affiche ou de la mettre en valeur gr\u00e2ce \u00e0 un encadrement de haute qualit\u00e9.","og_url":"https:\/\/store.transpod.com\/fr\/produit\/illustration\/","og_site_name":"Official TransPod Store","article_publisher":"https:\/\/www.facebook.com\/TransPodInc","article_modified_time":"2024-06-05T09:26:25+00:00","og_image":[{"width":839,"height":839,"url":"https:\/\/store.transpod.com\/wp-content\/uploads\/2024\/06\/2024_05_31_Studio_illustration-bic-reframed.jpg","type":"image\/jpeg"}],"twitter_card":"summary_large_image","twitter_site":"@transpod_inc","twitter_misc":{"Dur\u00e9e de lecture estim\u00e9e":"1 minute"},"schema":{"@context":"https:\/\/schema.org","@graph":[{"@type":"WebPage","@id":"https:\/\/store.transpod.com\/fr\/produit\/illustration\/","url":"https:\/\/store.transpod.com\/fr\/produit\/illustration\/","name":"Illustration \"High-Speed Breakthrough\" - Official TransPod Store","isPartOf":{"@id":"https:\/\/store.transpod.com\/fr\/#website"},"primaryImageOfPage":{"@id":"https:\/\/store.transpod.com\/fr\/produit\/illustration\/#primaryimage"},"image":{"@id":"https:\/\/store.transpod.com\/fr\/produit\/illustration\/#primaryimage"},"thumbnailUrl":"https:\/\/store.transpod.com\/wp-content\/uploads\/2024\/06\/2024_05_31_Studio_illustration-bic-reframed.jpg","datePublished":"2024-03-29T15:32:06+00:00","dateModified":"2024-06-05T09:26:25+00:00","breadcrumb":{"@id":"https:\/\/store.transpod.com\/fr\/produit\/illustration\/#breadcrumb"},"inLanguage":"fr-FR","potentialAction":[{"@type":"ReadAction","target":["https:\/\/store.transpod.com\/fr\/produit\/illustration\/"]}]},{"@type":"ImageObject","inLanguage":"fr-FR","@id":"https:\/\/store.transpod.com\/fr\/produit\/illustration\/#primaryimage","url":"https:\/\/store.transpod.com\/wp-content\/uploads\/2024\/06\/2024_05_31_Studio_illustration-bic-reframed.jpg","contentUrl":"https:\/\/store.transpod.com\/wp-content\/uploads\/2024\/06\/2024_05_31_Studio_illustration-bic-reframed.jpg","width":839,"height":839},{"@type":"BreadcrumbList","@id":"https:\/\/store.transpod.com\/fr\/produit\/illustration\/#breadcrumb","itemListElement":[{"@type":"ListItem","position":1,"name":"Home","item":"https:\/\/store.transpod.com\/fr\/"},{"@type":"ListItem","position":2,"name":"Boutique","item":"https:\/\/store.transpod.com\/fr\/boutique\/"},{"@type":"ListItem","position":3,"name":"Illustration &#8220;High-Speed Breakthrough&#8221;"}]},{"@type":"WebSite","@id":"https:\/\/store.transpod.com\/fr\/#website","url":"https:\/\/store.transpod.com\/fr\/","name":"Official TransPod Store","description":"","publisher":{"@id":"https:\/\/store.transpod.com\/fr\/#organization"},"potentialAction":[{"@type":"SearchAction","target":{"@type":"EntryPoint","urlTemplate":"https:\/\/store.transpod.com\/fr\/?s={search_term_string}"},"query-input":{"@type":"PropertyValueSpecification","valueRequired":true,"valueName":"search_term_string"}}],"inLanguage":"fr-FR"},{"@type":"Organization","@id":"https:\/\/store.transpod.com\/fr\/#organization","name":"Official TransPod Store","url":"https:\/\/store.transpod.com\/fr\/","logo":{"@type":"ImageObject","inLanguage":"fr-FR","@id":"https:\/\/store.transpod.com\/fr\/#\/schema\/logo\/image\/","url":"https:\/\/store.transpod.com\/wp-content\/uploads\/2026\/03\/TransPod_Logo_Colour_black.png","contentUrl":"https:\/\/store.transpod.com\/wp-content\/uploads\/2026\/03\/TransPod_Logo_Colour_black.png","width":988,"height":896,"caption":"Official TransPod Store"},"image":{"@id":"https:\/\/store.transpod.com\/fr\/#\/schema\/logo\/image\/"},"sameAs":["https:\/\/www.facebook.com\/TransPodInc","https:\/\/x.com\/transpod_inc","https:\/\/www.linkedin.com\/company\/transpod-inc-\/","https:\/\/www.instagram.com\/transpod_inc\/","https:\/\/www.youtube.com\/c\/TransPod"]}]}},"_links":{"self":[{"href":"https:\/\/store.transpod.com\/fr\/wp-json\/wp\/v2\/product\/384","targetHints":{"allow":["GET"]}}],"collection":[{"href":"https:\/\/store.transpod.com\/fr\/wp-json\/wp\/v2\/product"}],"about":[{"href":"https:\/\/store.transpod.com\/fr\/wp-json\/wp\/v2\/types\/product"}],"wp:featuredmedia":[{"embeddable":true,"href":"https:\/\/store.transpod.com\/fr\/wp-json\/wp\/v2\/media\/550"}],"wp:attachment":[{"href":"https:\/\/store.transpod.com\/fr\/wp-json\/wp\/v2\/media?parent=384"}],"wp:term":[{"taxonomy":"product_brand","embeddable":true,"href":"https:\/\/store.transpod.com\/fr\/wp-json\/wp\/v2\/product_brand?post=384"},{"taxonomy":"product_cat","embeddable":true,"href":"https:\/\/store.transpod.com\/fr\/wp-json\/wp\/v2\/product_cat?post=384"},{"taxonomy":"product_tag","embeddable":true,"href":"https:\/\/store.transpod.com\/fr\/wp-json\/wp\/v2\/product_tag?post=384"}],"curies":[{"name":"wp","href":"https:\/\/api.w.org\/{rel}","templated":true}]}}