{"id":345,"date":"2024-03-20T09:55:17","date_gmt":"2024-03-20T08:55:17","guid":{"rendered":"https:\/\/store.transpod.com\/product\/sweat-unisexe\/"},"modified":"2024-03-25T13:13:04","modified_gmt":"2024-03-25T12:13:04","slug":"sweat-unisexe","status":"publish","type":"product","link":"https:\/\/store.transpod.com\/fr\/produit\/sweat-unisexe\/","title":{"rendered":"Sweat \u00e0 capuche unisexe"},"content":{"rendered":"","protected":false},"excerpt":{"rendered":"<p>D\u00e9couvrez le confort et le style ultimes avec notre sweat \u00e0 capuche unisexe en polaire. Fabriqu\u00e9 \u00e0 partir de polaire bross\u00e9e de qualit\u00e9 sup\u00e9rieure, ce sweat \u00e0 capuche vous offre un confort optimal toute la journ\u00e9e en toute \u00e9l\u00e9gance.<\/p>\n<p>Dot\u00e9 d&rsquo;une capuche en trois parties doubl\u00e9e en jersey avec cordons de serrage, d&rsquo;une poche kangourou sur le devant pour plus de commodit\u00e9, ainsi que de poignets et d&rsquo;un ourlet en tricot c\u00f4tel\u00e9 pour une durabilit\u00e9 accrue, ce sweat \u00e0 capuche allie harmonieusement fonctionnalit\u00e9 et mode.<\/p>\n","protected":false},"featured_media":436,"template":"","meta":{"_acf_changed":false,"inline_featured_image":false},"product_brand":[],"product_cat":[59,40],"product_tag":[],"class_list":{"0":"post-345","1":"product","2":"type-product","3":"status-publish","4":"has-post-thumbnail","6":"product_cat-sweats","7":"product_cat-vetements","9":"first","10":"instock","11":"taxable","12":"shipping-taxable","13":"purchasable","14":"product-type-variable"},"acf":[],"yoast_head":"<!-- This site is optimized with the Yoast SEO plugin v27.5 - https:\/\/yoast.com\/product\/yoast-seo-wordpress\/ -->\n<title>Sweat \u00e0 capuche unisexe - Official TransPod Store<\/title>\n<meta name=\"robots\" content=\"index, follow, max-snippet:-1, max-image-preview:large, max-video-preview:-1\" \/>\n<link rel=\"canonical\" href=\"https:\/\/store.transpod.com\/fr\/produit\/sweat-unisexe\/\" \/>\n<meta property=\"og:locale\" content=\"fr_FR\" \/>\n<meta property=\"og:type\" content=\"article\" \/>\n<meta property=\"og:title\" content=\"Sweat \u00e0 capuche unisexe - Official TransPod Store\" \/>\n<meta property=\"og:description\" content=\"D\u00e9couvrez le confort et le style ultimes avec notre sweat \u00e0 capuche unisexe en polaire. Fabriqu\u00e9 \u00e0 partir de polaire bross\u00e9e de qualit\u00e9 sup\u00e9rieure, ce sweat \u00e0 capuche vous offre un confort optimal toute la journ\u00e9e en toute \u00e9l\u00e9gance.  Dot\u00e9 d&#039;une capuche en trois parties doubl\u00e9e en jersey avec cordons de serrage, d&#039;une poche kangourou sur le devant pour plus de commodit\u00e9, ainsi que de poignets et d&#039;un ourlet en tricot c\u00f4tel\u00e9 pour une durabilit\u00e9 accrue, ce sweat \u00e0 capuche allie harmonieusement fonctionnalit\u00e9 et mode.\" \/>\n<meta property=\"og:url\" content=\"https:\/\/store.transpod.com\/fr\/produit\/sweat-unisexe\/\" \/>\n<meta property=\"og:site_name\" content=\"Official TransPod Store\" \/>\n<meta property=\"article:publisher\" content=\"https:\/\/www.facebook.com\/TransPodInc\" \/>\n<meta property=\"article:modified_time\" content=\"2024-03-25T12:13:04+00:00\" \/>\n<meta property=\"og:image\" content=\"https:\/\/store.transpod.com\/wp-content\/uploads\/2024\/03\/Hoodie_01_front-1.jpg\" \/>\n\t<meta property=\"og:image:width\" content=\"1000\" \/>\n\t<meta property=\"og:image:height\" content=\"1000\" \/>\n\t<meta property=\"og:image:type\" content=\"image\/jpeg\" \/>\n<meta name=\"twitter:card\" content=\"summary_large_image\" \/>\n<meta name=\"twitter:site\" content=\"@transpod_inc\" \/>\n<script type=\"application\/ld+json\" class=\"yoast-schema-graph\">{\"@context\":\"https:\\\/\\\/schema.org\",\"@graph\":[{\"@type\":\"WebPage\",\"@id\":\"https:\\\/\\\/store.transpod.com\\\/fr\\\/produit\\\/sweat-unisexe\\\/\",\"url\":\"https:\\\/\\\/store.transpod.com\\\/fr\\\/produit\\\/sweat-unisexe\\\/\",\"name\":\"Sweat \u00e0 capuche unisexe - Official TransPod Store\",\"isPartOf\":{\"@id\":\"https:\\\/\\\/store.transpod.com\\\/fr\\\/#website\"},\"primaryImageOfPage\":{\"@id\":\"https:\\\/\\\/store.transpod.com\\\/fr\\\/produit\\\/sweat-unisexe\\\/#primaryimage\"},\"image\":{\"@id\":\"https:\\\/\\\/store.transpod.com\\\/fr\\\/produit\\\/sweat-unisexe\\\/#primaryimage\"},\"thumbnailUrl\":\"https:\\\/\\\/store.transpod.com\\\/wp-content\\\/uploads\\\/2024\\\/03\\\/Hoodie_01_front-1.jpg\",\"datePublished\":\"2024-03-20T08:55:17+00:00\",\"dateModified\":\"2024-03-25T12:13:04+00:00\",\"breadcrumb\":{\"@id\":\"https:\\\/\\\/store.transpod.com\\\/fr\\\/produit\\\/sweat-unisexe\\\/#breadcrumb\"},\"inLanguage\":\"fr-FR\",\"potentialAction\":[{\"@type\":\"ReadAction\",\"target\":[\"https:\\\/\\\/store.transpod.com\\\/fr\\\/produit\\\/sweat-unisexe\\\/\"]}]},{\"@type\":\"ImageObject\",\"inLanguage\":\"fr-FR\",\"@id\":\"https:\\\/\\\/store.transpod.com\\\/fr\\\/produit\\\/sweat-unisexe\\\/#primaryimage\",\"url\":\"https:\\\/\\\/store.transpod.com\\\/wp-content\\\/uploads\\\/2024\\\/03\\\/Hoodie_01_front-1.jpg\",\"contentUrl\":\"https:\\\/\\\/store.transpod.com\\\/wp-content\\\/uploads\\\/2024\\\/03\\\/Hoodie_01_front-1.jpg\",\"width\":1000,\"height\":1000},{\"@type\":\"BreadcrumbList\",\"@id\":\"https:\\\/\\\/store.transpod.com\\\/fr\\\/produit\\\/sweat-unisexe\\\/#breadcrumb\",\"itemListElement\":[{\"@type\":\"ListItem\",\"position\":1,\"name\":\"Home\",\"item\":\"https:\\\/\\\/store.transpod.com\\\/fr\\\/\"},{\"@type\":\"ListItem\",\"position\":2,\"name\":\"Boutique\",\"item\":\"https:\\\/\\\/store.transpod.com\\\/fr\\\/boutique\\\/\"},{\"@type\":\"ListItem\",\"position\":3,\"name\":\"Sweat \u00e0 capuche unisexe\"}]},{\"@type\":\"WebSite\",\"@id\":\"https:\\\/\\\/store.transpod.com\\\/fr\\\/#website\",\"url\":\"https:\\\/\\\/store.transpod.com\\\/fr\\\/\",\"name\":\"Official TransPod Store\",\"description\":\"\",\"publisher\":{\"@id\":\"https:\\\/\\\/store.transpod.com\\\/fr\\\/#organization\"},\"potentialAction\":[{\"@type\":\"SearchAction\",\"target\":{\"@type\":\"EntryPoint\",\"urlTemplate\":\"https:\\\/\\\/store.transpod.com\\\/fr\\\/?s={search_term_string}\"},\"query-input\":{\"@type\":\"PropertyValueSpecification\",\"valueRequired\":true,\"valueName\":\"search_term_string\"}}],\"inLanguage\":\"fr-FR\"},{\"@type\":\"Organization\",\"@id\":\"https:\\\/\\\/store.transpod.com\\\/fr\\\/#organization\",\"name\":\"Official TransPod Store\",\"url\":\"https:\\\/\\\/store.transpod.com\\\/fr\\\/\",\"logo\":{\"@type\":\"ImageObject\",\"inLanguage\":\"fr-FR\",\"@id\":\"https:\\\/\\\/store.transpod.com\\\/fr\\\/#\\\/schema\\\/logo\\\/image\\\/\",\"url\":\"https:\\\/\\\/store.transpod.com\\\/wp-content\\\/uploads\\\/2026\\\/03\\\/TransPod_Logo_Colour_black.png\",\"contentUrl\":\"https:\\\/\\\/store.transpod.com\\\/wp-content\\\/uploads\\\/2026\\\/03\\\/TransPod_Logo_Colour_black.png\",\"width\":988,\"height\":896,\"caption\":\"Official TransPod Store\"},\"image\":{\"@id\":\"https:\\\/\\\/store.transpod.com\\\/fr\\\/#\\\/schema\\\/logo\\\/image\\\/\"},\"sameAs\":[\"https:\\\/\\\/www.facebook.com\\\/TransPodInc\",\"https:\\\/\\\/x.com\\\/transpod_inc\",\"https:\\\/\\\/www.linkedin.com\\\/company\\\/transpod-inc-\\\/\",\"https:\\\/\\\/www.instagram.com\\\/transpod_inc\\\/\",\"https:\\\/\\\/www.youtube.com\\\/c\\\/TransPod\"]}]}<\/script>\n<!-- \/ Yoast SEO plugin. -->","yoast_head_json":{"title":"Sweat \u00e0 capuche unisexe - Official TransPod Store","robots":{"index":"index","follow":"follow","max-snippet":"max-snippet:-1","max-image-preview":"max-image-preview:large","max-video-preview":"max-video-preview:-1"},"canonical":"https:\/\/store.transpod.com\/fr\/produit\/sweat-unisexe\/","og_locale":"fr_FR","og_type":"article","og_title":"Sweat \u00e0 capuche unisexe - Official TransPod Store","og_description":"D\u00e9couvrez le confort et le style ultimes avec notre sweat \u00e0 capuche unisexe en polaire. Fabriqu\u00e9 \u00e0 partir de polaire bross\u00e9e de qualit\u00e9 sup\u00e9rieure, ce sweat \u00e0 capuche vous offre un confort optimal toute la journ\u00e9e en toute \u00e9l\u00e9gance.  Dot\u00e9 d'une capuche en trois parties doubl\u00e9e en jersey avec cordons de serrage, d'une poche kangourou sur le devant pour plus de commodit\u00e9, ainsi que de poignets et d'un ourlet en tricot c\u00f4tel\u00e9 pour une durabilit\u00e9 accrue, ce sweat \u00e0 capuche allie harmonieusement fonctionnalit\u00e9 et mode.","og_url":"https:\/\/store.transpod.com\/fr\/produit\/sweat-unisexe\/","og_site_name":"Official TransPod Store","article_publisher":"https:\/\/www.facebook.com\/TransPodInc","article_modified_time":"2024-03-25T12:13:04+00:00","og_image":[{"width":1000,"height":1000,"url":"https:\/\/store.transpod.com\/wp-content\/uploads\/2024\/03\/Hoodie_01_front-1.jpg","type":"image\/jpeg"}],"twitter_card":"summary_large_image","twitter_site":"@transpod_inc","schema":{"@context":"https:\/\/schema.org","@graph":[{"@type":"WebPage","@id":"https:\/\/store.transpod.com\/fr\/produit\/sweat-unisexe\/","url":"https:\/\/store.transpod.com\/fr\/produit\/sweat-unisexe\/","name":"Sweat \u00e0 capuche unisexe - Official TransPod Store","isPartOf":{"@id":"https:\/\/store.transpod.com\/fr\/#website"},"primaryImageOfPage":{"@id":"https:\/\/store.transpod.com\/fr\/produit\/sweat-unisexe\/#primaryimage"},"image":{"@id":"https:\/\/store.transpod.com\/fr\/produit\/sweat-unisexe\/#primaryimage"},"thumbnailUrl":"https:\/\/store.transpod.com\/wp-content\/uploads\/2024\/03\/Hoodie_01_front-1.jpg","datePublished":"2024-03-20T08:55:17+00:00","dateModified":"2024-03-25T12:13:04+00:00","breadcrumb":{"@id":"https:\/\/store.transpod.com\/fr\/produit\/sweat-unisexe\/#breadcrumb"},"inLanguage":"fr-FR","potentialAction":[{"@type":"ReadAction","target":["https:\/\/store.transpod.com\/fr\/produit\/sweat-unisexe\/"]}]},{"@type":"ImageObject","inLanguage":"fr-FR","@id":"https:\/\/store.transpod.com\/fr\/produit\/sweat-unisexe\/#primaryimage","url":"https:\/\/store.transpod.com\/wp-content\/uploads\/2024\/03\/Hoodie_01_front-1.jpg","contentUrl":"https:\/\/store.transpod.com\/wp-content\/uploads\/2024\/03\/Hoodie_01_front-1.jpg","width":1000,"height":1000},{"@type":"BreadcrumbList","@id":"https:\/\/store.transpod.com\/fr\/produit\/sweat-unisexe\/#breadcrumb","itemListElement":[{"@type":"ListItem","position":1,"name":"Home","item":"https:\/\/store.transpod.com\/fr\/"},{"@type":"ListItem","position":2,"name":"Boutique","item":"https:\/\/store.transpod.com\/fr\/boutique\/"},{"@type":"ListItem","position":3,"name":"Sweat \u00e0 capuche unisexe"}]},{"@type":"WebSite","@id":"https:\/\/store.transpod.com\/fr\/#website","url":"https:\/\/store.transpod.com\/fr\/","name":"Official TransPod Store","description":"","publisher":{"@id":"https:\/\/store.transpod.com\/fr\/#organization"},"potentialAction":[{"@type":"SearchAction","target":{"@type":"EntryPoint","urlTemplate":"https:\/\/store.transpod.com\/fr\/?s={search_term_string}"},"query-input":{"@type":"PropertyValueSpecification","valueRequired":true,"valueName":"search_term_string"}}],"inLanguage":"fr-FR"},{"@type":"Organization","@id":"https:\/\/store.transpod.com\/fr\/#organization","name":"Official TransPod Store","url":"https:\/\/store.transpod.com\/fr\/","logo":{"@type":"ImageObject","inLanguage":"fr-FR","@id":"https:\/\/store.transpod.com\/fr\/#\/schema\/logo\/image\/","url":"https:\/\/store.transpod.com\/wp-content\/uploads\/2026\/03\/TransPod_Logo_Colour_black.png","contentUrl":"https:\/\/store.transpod.com\/wp-content\/uploads\/2026\/03\/TransPod_Logo_Colour_black.png","width":988,"height":896,"caption":"Official TransPod Store"},"image":{"@id":"https:\/\/store.transpod.com\/fr\/#\/schema\/logo\/image\/"},"sameAs":["https:\/\/www.facebook.com\/TransPodInc","https:\/\/x.com\/transpod_inc","https:\/\/www.linkedin.com\/company\/transpod-inc-\/","https:\/\/www.instagram.com\/transpod_inc\/","https:\/\/www.youtube.com\/c\/TransPod"]}]}},"_links":{"self":[{"href":"https:\/\/store.transpod.com\/fr\/wp-json\/wp\/v2\/product\/345","targetHints":{"allow":["GET"]}}],"collection":[{"href":"https:\/\/store.transpod.com\/fr\/wp-json\/wp\/v2\/product"}],"about":[{"href":"https:\/\/store.transpod.com\/fr\/wp-json\/wp\/v2\/types\/product"}],"wp:featuredmedia":[{"embeddable":true,"href":"https:\/\/store.transpod.com\/fr\/wp-json\/wp\/v2\/media\/436"}],"wp:attachment":[{"href":"https:\/\/store.transpod.com\/fr\/wp-json\/wp\/v2\/media?parent=345"}],"wp:term":[{"taxonomy":"product_brand","embeddable":true,"href":"https:\/\/store.transpod.com\/fr\/wp-json\/wp\/v2\/product_brand?post=345"},{"taxonomy":"product_cat","embeddable":true,"href":"https:\/\/store.transpod.com\/fr\/wp-json\/wp\/v2\/product_cat?post=345"},{"taxonomy":"product_tag","embeddable":true,"href":"https:\/\/store.transpod.com\/fr\/wp-json\/wp\/v2\/product_tag?post=345"}],"curies":[{"name":"wp","href":"https:\/\/api.w.org\/{rel}","templated":true}]}}