{"id":268,"date":"2023-10-20T15:49:31","date_gmt":"2023-10-20T13:49:31","guid":{"rendered":"https:\/\/store.transpod.com\/product\/gourde-transpod\/"},"modified":"2024-04-22T12:32:53","modified_gmt":"2024-04-22T10:32:53","slug":"gourde-transpod","status":"publish","type":"product","link":"https:\/\/store.transpod.com\/fr\/produit\/gourde-transpod\/","title":{"rendered":"Gourde TransPod"},"content":{"rendered":"","protected":false},"excerpt":{"rendered":"<p><span style=\"font-weight: 400;\">Restez \u00e9panoui, en bonne sant\u00e9 et hydrat\u00e9 tout au long de la journ\u00e9e avec la bouteille CamelBak Chute Mag Copper VSS 32oz. Cette gourde \u00e9l\u00e9gante garde votre boisson pr\u00e9f\u00e9r\u00e9e \u00e0 la temp\u00e9rature id\u00e9ale, que vous soyez au travail ou en d\u00e9placement.<\/span><\/p>\n<p><span style=\"font-weight: 400;\">Con\u00e7u pour garder les boissons froides ou chaudes sans renversements ni ballottements, c&rsquo;est le compagnon id\u00e9al pour votre routine quotidienne. Restez hydrat\u00e9 en toute situation avec cet accessoire essentiel.<\/span><\/p>\n","protected":false},"featured_media":392,"template":"","meta":{"_acf_changed":false,"inline_featured_image":false},"product_brand":[],"product_cat":[38],"product_tag":[],"class_list":{"0":"post-268","1":"product","2":"type-product","3":"status-publish","4":"has-post-thumbnail","6":"product_cat-lifestyle","8":"first","9":"instock","10":"taxable","11":"shipping-taxable","12":"purchasable","13":"product-type-simple"},"acf":[],"yoast_head":"<!-- This site is optimized with the Yoast SEO plugin v27.5 - https:\/\/yoast.com\/product\/yoast-seo-wordpress\/ -->\n<title>Gourde TransPod - Official TransPod Store<\/title>\n<meta name=\"robots\" content=\"index, follow, max-snippet:-1, max-image-preview:large, max-video-preview:-1\" \/>\n<link rel=\"canonical\" href=\"https:\/\/store.transpod.com\/fr\/produit\/gourde-transpod\/\" \/>\n<meta property=\"og:locale\" content=\"fr_FR\" \/>\n<meta property=\"og:type\" content=\"article\" \/>\n<meta property=\"og:title\" content=\"Gourde TransPod - Official TransPod Store\" \/>\n<meta property=\"og:description\" content=\"Restez \u00e9panoui, en bonne sant\u00e9 et hydrat\u00e9 tout au long de la journ\u00e9e avec la bouteille CamelBak Chute Mag Copper VSS 32oz. Cette gourde \u00e9l\u00e9gante garde votre boisson pr\u00e9f\u00e9r\u00e9e \u00e0 la temp\u00e9rature id\u00e9ale, que vous soyez au travail ou en d\u00e9placement.  Con\u00e7u pour garder les boissons froides ou chaudes sans renversements ni ballottements, c&#039;est le compagnon id\u00e9al pour votre routine quotidienne. Restez hydrat\u00e9 en toute situation avec cet accessoire essentiel.\" \/>\n<meta property=\"og:url\" content=\"https:\/\/store.transpod.com\/fr\/produit\/gourde-transpod\/\" \/>\n<meta property=\"og:site_name\" content=\"Official TransPod Store\" \/>\n<meta property=\"article:publisher\" content=\"https:\/\/www.facebook.com\/TransPodInc\" \/>\n<meta property=\"article:modified_time\" content=\"2024-04-22T10:32:53+00:00\" \/>\n<meta property=\"og:image\" content=\"https:\/\/store.transpod.com\/wp-content\/uploads\/2024\/03\/IMG_6250-copie.jpg\" \/>\n\t<meta property=\"og:image:width\" content=\"1600\" \/>\n\t<meta property=\"og:image:height\" content=\"1600\" \/>\n\t<meta property=\"og:image:type\" content=\"image\/jpeg\" \/>\n<meta name=\"twitter:card\" content=\"summary_large_image\" \/>\n<meta name=\"twitter:site\" content=\"@transpod_inc\" \/>\n<script type=\"application\/ld+json\" class=\"yoast-schema-graph\">{\"@context\":\"https:\\\/\\\/schema.org\",\"@graph\":[{\"@type\":\"WebPage\",\"@id\":\"https:\\\/\\\/store.transpod.com\\\/fr\\\/produit\\\/gourde-transpod\\\/\",\"url\":\"https:\\\/\\\/store.transpod.com\\\/fr\\\/produit\\\/gourde-transpod\\\/\",\"name\":\"Gourde TransPod - Official TransPod Store\",\"isPartOf\":{\"@id\":\"https:\\\/\\\/store.transpod.com\\\/fr\\\/#website\"},\"primaryImageOfPage\":{\"@id\":\"https:\\\/\\\/store.transpod.com\\\/fr\\\/produit\\\/gourde-transpod\\\/#primaryimage\"},\"image\":{\"@id\":\"https:\\\/\\\/store.transpod.com\\\/fr\\\/produit\\\/gourde-transpod\\\/#primaryimage\"},\"thumbnailUrl\":\"https:\\\/\\\/store.transpod.com\\\/wp-content\\\/uploads\\\/2024\\\/03\\\/IMG_6250-copie.jpg\",\"datePublished\":\"2023-10-20T13:49:31+00:00\",\"dateModified\":\"2024-04-22T10:32:53+00:00\",\"breadcrumb\":{\"@id\":\"https:\\\/\\\/store.transpod.com\\\/fr\\\/produit\\\/gourde-transpod\\\/#breadcrumb\"},\"inLanguage\":\"fr-FR\",\"potentialAction\":[{\"@type\":\"ReadAction\",\"target\":[\"https:\\\/\\\/store.transpod.com\\\/fr\\\/produit\\\/gourde-transpod\\\/\"]}]},{\"@type\":\"ImageObject\",\"inLanguage\":\"fr-FR\",\"@id\":\"https:\\\/\\\/store.transpod.com\\\/fr\\\/produit\\\/gourde-transpod\\\/#primaryimage\",\"url\":\"https:\\\/\\\/store.transpod.com\\\/wp-content\\\/uploads\\\/2024\\\/03\\\/IMG_6250-copie.jpg\",\"contentUrl\":\"https:\\\/\\\/store.transpod.com\\\/wp-content\\\/uploads\\\/2024\\\/03\\\/IMG_6250-copie.jpg\",\"width\":1600,\"height\":1600},{\"@type\":\"BreadcrumbList\",\"@id\":\"https:\\\/\\\/store.transpod.com\\\/fr\\\/produit\\\/gourde-transpod\\\/#breadcrumb\",\"itemListElement\":[{\"@type\":\"ListItem\",\"position\":1,\"name\":\"Home\",\"item\":\"https:\\\/\\\/store.transpod.com\\\/fr\\\/\"},{\"@type\":\"ListItem\",\"position\":2,\"name\":\"Boutique\",\"item\":\"https:\\\/\\\/store.transpod.com\\\/fr\\\/boutique\\\/\"},{\"@type\":\"ListItem\",\"position\":3,\"name\":\"Gourde TransPod\"}]},{\"@type\":\"WebSite\",\"@id\":\"https:\\\/\\\/store.transpod.com\\\/fr\\\/#website\",\"url\":\"https:\\\/\\\/store.transpod.com\\\/fr\\\/\",\"name\":\"Official TransPod Store\",\"description\":\"\",\"publisher\":{\"@id\":\"https:\\\/\\\/store.transpod.com\\\/fr\\\/#organization\"},\"potentialAction\":[{\"@type\":\"SearchAction\",\"target\":{\"@type\":\"EntryPoint\",\"urlTemplate\":\"https:\\\/\\\/store.transpod.com\\\/fr\\\/?s={search_term_string}\"},\"query-input\":{\"@type\":\"PropertyValueSpecification\",\"valueRequired\":true,\"valueName\":\"search_term_string\"}}],\"inLanguage\":\"fr-FR\"},{\"@type\":\"Organization\",\"@id\":\"https:\\\/\\\/store.transpod.com\\\/fr\\\/#organization\",\"name\":\"Official TransPod Store\",\"url\":\"https:\\\/\\\/store.transpod.com\\\/fr\\\/\",\"logo\":{\"@type\":\"ImageObject\",\"inLanguage\":\"fr-FR\",\"@id\":\"https:\\\/\\\/store.transpod.com\\\/fr\\\/#\\\/schema\\\/logo\\\/image\\\/\",\"url\":\"https:\\\/\\\/store.transpod.com\\\/wp-content\\\/uploads\\\/2026\\\/03\\\/TransPod_Logo_Colour_black.png\",\"contentUrl\":\"https:\\\/\\\/store.transpod.com\\\/wp-content\\\/uploads\\\/2026\\\/03\\\/TransPod_Logo_Colour_black.png\",\"width\":988,\"height\":896,\"caption\":\"Official TransPod Store\"},\"image\":{\"@id\":\"https:\\\/\\\/store.transpod.com\\\/fr\\\/#\\\/schema\\\/logo\\\/image\\\/\"},\"sameAs\":[\"https:\\\/\\\/www.facebook.com\\\/TransPodInc\",\"https:\\\/\\\/x.com\\\/transpod_inc\",\"https:\\\/\\\/www.linkedin.com\\\/company\\\/transpod-inc-\\\/\",\"https:\\\/\\\/www.instagram.com\\\/transpod_inc\\\/\",\"https:\\\/\\\/www.youtube.com\\\/c\\\/TransPod\"]}]}<\/script>\n<!-- \/ Yoast SEO plugin. -->","yoast_head_json":{"title":"Gourde TransPod - Official TransPod Store","robots":{"index":"index","follow":"follow","max-snippet":"max-snippet:-1","max-image-preview":"max-image-preview:large","max-video-preview":"max-video-preview:-1"},"canonical":"https:\/\/store.transpod.com\/fr\/produit\/gourde-transpod\/","og_locale":"fr_FR","og_type":"article","og_title":"Gourde TransPod - Official TransPod Store","og_description":"Restez \u00e9panoui, en bonne sant\u00e9 et hydrat\u00e9 tout au long de la journ\u00e9e avec la bouteille CamelBak Chute Mag Copper VSS 32oz. Cette gourde \u00e9l\u00e9gante garde votre boisson pr\u00e9f\u00e9r\u00e9e \u00e0 la temp\u00e9rature id\u00e9ale, que vous soyez au travail ou en d\u00e9placement.  Con\u00e7u pour garder les boissons froides ou chaudes sans renversements ni ballottements, c'est le compagnon id\u00e9al pour votre routine quotidienne. Restez hydrat\u00e9 en toute situation avec cet accessoire essentiel.","og_url":"https:\/\/store.transpod.com\/fr\/produit\/gourde-transpod\/","og_site_name":"Official TransPod Store","article_publisher":"https:\/\/www.facebook.com\/TransPodInc","article_modified_time":"2024-04-22T10:32:53+00:00","og_image":[{"width":1600,"height":1600,"url":"https:\/\/store.transpod.com\/wp-content\/uploads\/2024\/03\/IMG_6250-copie.jpg","type":"image\/jpeg"}],"twitter_card":"summary_large_image","twitter_site":"@transpod_inc","schema":{"@context":"https:\/\/schema.org","@graph":[{"@type":"WebPage","@id":"https:\/\/store.transpod.com\/fr\/produit\/gourde-transpod\/","url":"https:\/\/store.transpod.com\/fr\/produit\/gourde-transpod\/","name":"Gourde TransPod - Official TransPod Store","isPartOf":{"@id":"https:\/\/store.transpod.com\/fr\/#website"},"primaryImageOfPage":{"@id":"https:\/\/store.transpod.com\/fr\/produit\/gourde-transpod\/#primaryimage"},"image":{"@id":"https:\/\/store.transpod.com\/fr\/produit\/gourde-transpod\/#primaryimage"},"thumbnailUrl":"https:\/\/store.transpod.com\/wp-content\/uploads\/2024\/03\/IMG_6250-copie.jpg","datePublished":"2023-10-20T13:49:31+00:00","dateModified":"2024-04-22T10:32:53+00:00","breadcrumb":{"@id":"https:\/\/store.transpod.com\/fr\/produit\/gourde-transpod\/#breadcrumb"},"inLanguage":"fr-FR","potentialAction":[{"@type":"ReadAction","target":["https:\/\/store.transpod.com\/fr\/produit\/gourde-transpod\/"]}]},{"@type":"ImageObject","inLanguage":"fr-FR","@id":"https:\/\/store.transpod.com\/fr\/produit\/gourde-transpod\/#primaryimage","url":"https:\/\/store.transpod.com\/wp-content\/uploads\/2024\/03\/IMG_6250-copie.jpg","contentUrl":"https:\/\/store.transpod.com\/wp-content\/uploads\/2024\/03\/IMG_6250-copie.jpg","width":1600,"height":1600},{"@type":"BreadcrumbList","@id":"https:\/\/store.transpod.com\/fr\/produit\/gourde-transpod\/#breadcrumb","itemListElement":[{"@type":"ListItem","position":1,"name":"Home","item":"https:\/\/store.transpod.com\/fr\/"},{"@type":"ListItem","position":2,"name":"Boutique","item":"https:\/\/store.transpod.com\/fr\/boutique\/"},{"@type":"ListItem","position":3,"name":"Gourde TransPod"}]},{"@type":"WebSite","@id":"https:\/\/store.transpod.com\/fr\/#website","url":"https:\/\/store.transpod.com\/fr\/","name":"Official TransPod Store","description":"","publisher":{"@id":"https:\/\/store.transpod.com\/fr\/#organization"},"potentialAction":[{"@type":"SearchAction","target":{"@type":"EntryPoint","urlTemplate":"https:\/\/store.transpod.com\/fr\/?s={search_term_string}"},"query-input":{"@type":"PropertyValueSpecification","valueRequired":true,"valueName":"search_term_string"}}],"inLanguage":"fr-FR"},{"@type":"Organization","@id":"https:\/\/store.transpod.com\/fr\/#organization","name":"Official TransPod Store","url":"https:\/\/store.transpod.com\/fr\/","logo":{"@type":"ImageObject","inLanguage":"fr-FR","@id":"https:\/\/store.transpod.com\/fr\/#\/schema\/logo\/image\/","url":"https:\/\/store.transpod.com\/wp-content\/uploads\/2026\/03\/TransPod_Logo_Colour_black.png","contentUrl":"https:\/\/store.transpod.com\/wp-content\/uploads\/2026\/03\/TransPod_Logo_Colour_black.png","width":988,"height":896,"caption":"Official TransPod Store"},"image":{"@id":"https:\/\/store.transpod.com\/fr\/#\/schema\/logo\/image\/"},"sameAs":["https:\/\/www.facebook.com\/TransPodInc","https:\/\/x.com\/transpod_inc","https:\/\/www.linkedin.com\/company\/transpod-inc-\/","https:\/\/www.instagram.com\/transpod_inc\/","https:\/\/www.youtube.com\/c\/TransPod"]}]}},"_links":{"self":[{"href":"https:\/\/store.transpod.com\/fr\/wp-json\/wp\/v2\/product\/268","targetHints":{"allow":["GET"]}}],"collection":[{"href":"https:\/\/store.transpod.com\/fr\/wp-json\/wp\/v2\/product"}],"about":[{"href":"https:\/\/store.transpod.com\/fr\/wp-json\/wp\/v2\/types\/product"}],"wp:featuredmedia":[{"embeddable":true,"href":"https:\/\/store.transpod.com\/fr\/wp-json\/wp\/v2\/media\/392"}],"wp:attachment":[{"href":"https:\/\/store.transpod.com\/fr\/wp-json\/wp\/v2\/media?parent=268"}],"wp:term":[{"taxonomy":"product_brand","embeddable":true,"href":"https:\/\/store.transpod.com\/fr\/wp-json\/wp\/v2\/product_brand?post=268"},{"taxonomy":"product_cat","embeddable":true,"href":"https:\/\/store.transpod.com\/fr\/wp-json\/wp\/v2\/product_cat?post=268"},{"taxonomy":"product_tag","embeddable":true,"href":"https:\/\/store.transpod.com\/fr\/wp-json\/wp\/v2\/product_tag?post=268"}],"curies":[{"name":"wp","href":"https:\/\/api.w.org\/{rel}","templated":true}]}}