{"id":266,"date":"2023-10-20T15:56:03","date_gmt":"2023-10-20T13:56:03","guid":{"rendered":"https:\/\/store.transpod.com\/product\/la-puissance-reinventee\/"},"modified":"2024-05-27T15:07:14","modified_gmt":"2024-05-27T13:07:14","slug":"la-puissance-reinventee","status":"publish","type":"product","link":"https:\/\/store.transpod.com\/fr\/produit\/la-puissance-reinventee\/","title":{"rendered":"La puissance r\u00e9invent\u00e9e (FR \/ EN)"},"content":{"rendered":"","protected":false},"excerpt":{"rendered":"<p>La Crois\u00e9e des Mondes \u2013 une conf\u00e9rence militaro-civile annuelle cofond\u00e9e par le cabinet de conseil The Boson Project et l\u2019Acad\u00e9mie militaire fran\u00e7aise \u2013 vise \u00e0 s\u2019interroger sur la nature des grands hommes et \u00e0 quoi ressemblera le leadership de demain, en remettant en question les hypoth\u00e8ses et en d\u00e9cryptant les monde moderne. Inspir\u00e9 de cette conf\u00e9rence, ce livre du Boson Project explore le th\u00e8me de la puissance r\u00e9invent\u00e9e.<\/p>\n<p><a href=\"https:\/\/amzn.eu\/d\/aTUHY6v\" rel=\"noopener\" target=\"_blank\">Commander le format Kindle sur Amazon<\/a><\/p>\n","protected":false},"featured_media":191,"template":"","meta":{"_acf_changed":false,"inline_featured_image":false},"product_brand":[],"product_cat":[39],"product_tag":[],"class_list":{"0":"post-266","1":"product","2":"type-product","3":"status-publish","4":"has-post-thumbnail","6":"product_cat-livres","8":"first","9":"instock","10":"taxable","11":"shipping-taxable","12":"purchasable","13":"product-type-variable"},"acf":[],"yoast_head":"<!-- This site is optimized with the Yoast SEO plugin v27.5 - https:\/\/yoast.com\/product\/yoast-seo-wordpress\/ -->\n<title>La puissance r\u00e9invent\u00e9e (FR \/ EN) - Official TransPod Store<\/title>\n<meta name=\"robots\" content=\"index, follow, max-snippet:-1, max-image-preview:large, max-video-preview:-1\" \/>\n<link rel=\"canonical\" href=\"https:\/\/store.transpod.com\/fr\/produit\/la-puissance-reinventee\/\" \/>\n<meta property=\"og:locale\" content=\"fr_FR\" \/>\n<meta property=\"og:type\" content=\"article\" \/>\n<meta property=\"og:title\" content=\"La puissance r\u00e9invent\u00e9e (FR \/ EN) - Official TransPod Store\" \/>\n<meta property=\"og:description\" content=\"La Crois\u00e9e des Mondes \u2013 une conf\u00e9rence militaro-civile annuelle cofond\u00e9e par le cabinet de conseil The Boson Project et l\u2019Acad\u00e9mie militaire fran\u00e7aise \u2013 vise \u00e0 s\u2019interroger sur la nature des grands hommes et \u00e0 quoi ressemblera le leadership de demain, en remettant en question les hypoth\u00e8ses et en d\u00e9cryptant les monde moderne. Inspir\u00e9 de cette conf\u00e9rence, ce livre du Boson Project explore le th\u00e8me de la puissance r\u00e9invent\u00e9e.  Commander le format Kindle sur Amazon\" \/>\n<meta property=\"og:url\" content=\"https:\/\/store.transpod.com\/fr\/produit\/la-puissance-reinventee\/\" \/>\n<meta property=\"og:site_name\" content=\"Official TransPod Store\" \/>\n<meta property=\"article:publisher\" content=\"https:\/\/www.facebook.com\/TransPodInc\" \/>\n<meta property=\"article:modified_time\" content=\"2024-05-27T13:07:14+00:00\" \/>\n<meta property=\"og:image\" content=\"https:\/\/store.transpod.com\/wp-content\/uploads\/2024\/02\/power_reinvented.jpg\" \/>\n\t<meta property=\"og:image:width\" content=\"1200\" \/>\n\t<meta property=\"og:image:height\" content=\"1200\" \/>\n\t<meta property=\"og:image:type\" content=\"image\/jpeg\" \/>\n<meta name=\"twitter:card\" content=\"summary_large_image\" \/>\n<meta name=\"twitter:site\" content=\"@transpod_inc\" \/>\n<meta name=\"twitter:label1\" content=\"Dur\u00e9e de lecture estim\u00e9e\" \/>\n\t<meta name=\"twitter:data1\" content=\"1 minute\" \/>\n<script type=\"application\/ld+json\" class=\"yoast-schema-graph\">{\"@context\":\"https:\\\/\\\/schema.org\",\"@graph\":[{\"@type\":\"WebPage\",\"@id\":\"https:\\\/\\\/store.transpod.com\\\/fr\\\/produit\\\/la-puissance-reinventee\\\/\",\"url\":\"https:\\\/\\\/store.transpod.com\\\/fr\\\/produit\\\/la-puissance-reinventee\\\/\",\"name\":\"La puissance r\u00e9invent\u00e9e (FR \\\/ EN) - Official TransPod Store\",\"isPartOf\":{\"@id\":\"https:\\\/\\\/store.transpod.com\\\/fr\\\/#website\"},\"primaryImageOfPage\":{\"@id\":\"https:\\\/\\\/store.transpod.com\\\/fr\\\/produit\\\/la-puissance-reinventee\\\/#primaryimage\"},\"image\":{\"@id\":\"https:\\\/\\\/store.transpod.com\\\/fr\\\/produit\\\/la-puissance-reinventee\\\/#primaryimage\"},\"thumbnailUrl\":\"https:\\\/\\\/store.transpod.com\\\/wp-content\\\/uploads\\\/2024\\\/02\\\/power_reinvented.jpg\",\"datePublished\":\"2023-10-20T13:56:03+00:00\",\"dateModified\":\"2024-05-27T13:07:14+00:00\",\"breadcrumb\":{\"@id\":\"https:\\\/\\\/store.transpod.com\\\/fr\\\/produit\\\/la-puissance-reinventee\\\/#breadcrumb\"},\"inLanguage\":\"fr-FR\",\"potentialAction\":[{\"@type\":\"ReadAction\",\"target\":[\"https:\\\/\\\/store.transpod.com\\\/fr\\\/produit\\\/la-puissance-reinventee\\\/\"]}]},{\"@type\":\"ImageObject\",\"inLanguage\":\"fr-FR\",\"@id\":\"https:\\\/\\\/store.transpod.com\\\/fr\\\/produit\\\/la-puissance-reinventee\\\/#primaryimage\",\"url\":\"https:\\\/\\\/store.transpod.com\\\/wp-content\\\/uploads\\\/2024\\\/02\\\/power_reinvented.jpg\",\"contentUrl\":\"https:\\\/\\\/store.transpod.com\\\/wp-content\\\/uploads\\\/2024\\\/02\\\/power_reinvented.jpg\",\"width\":1200,\"height\":1200,\"caption\":\"Power Reinvented, At the Crossroads of the Worlds par The Boson Project\"},{\"@type\":\"BreadcrumbList\",\"@id\":\"https:\\\/\\\/store.transpod.com\\\/fr\\\/produit\\\/la-puissance-reinventee\\\/#breadcrumb\",\"itemListElement\":[{\"@type\":\"ListItem\",\"position\":1,\"name\":\"Home\",\"item\":\"https:\\\/\\\/store.transpod.com\\\/fr\\\/\"},{\"@type\":\"ListItem\",\"position\":2,\"name\":\"Boutique\",\"item\":\"https:\\\/\\\/store.transpod.com\\\/fr\\\/boutique\\\/\"},{\"@type\":\"ListItem\",\"position\":3,\"name\":\"La puissance r\u00e9invent\u00e9e (FR \\\/ EN)\"}]},{\"@type\":\"WebSite\",\"@id\":\"https:\\\/\\\/store.transpod.com\\\/fr\\\/#website\",\"url\":\"https:\\\/\\\/store.transpod.com\\\/fr\\\/\",\"name\":\"Official TransPod Store\",\"description\":\"\",\"publisher\":{\"@id\":\"https:\\\/\\\/store.transpod.com\\\/fr\\\/#organization\"},\"potentialAction\":[{\"@type\":\"SearchAction\",\"target\":{\"@type\":\"EntryPoint\",\"urlTemplate\":\"https:\\\/\\\/store.transpod.com\\\/fr\\\/?s={search_term_string}\"},\"query-input\":{\"@type\":\"PropertyValueSpecification\",\"valueRequired\":true,\"valueName\":\"search_term_string\"}}],\"inLanguage\":\"fr-FR\"},{\"@type\":\"Organization\",\"@id\":\"https:\\\/\\\/store.transpod.com\\\/fr\\\/#organization\",\"name\":\"Official TransPod Store\",\"url\":\"https:\\\/\\\/store.transpod.com\\\/fr\\\/\",\"logo\":{\"@type\":\"ImageObject\",\"inLanguage\":\"fr-FR\",\"@id\":\"https:\\\/\\\/store.transpod.com\\\/fr\\\/#\\\/schema\\\/logo\\\/image\\\/\",\"url\":\"https:\\\/\\\/store.transpod.com\\\/wp-content\\\/uploads\\\/2026\\\/03\\\/TransPod_Logo_Colour_black.png\",\"contentUrl\":\"https:\\\/\\\/store.transpod.com\\\/wp-content\\\/uploads\\\/2026\\\/03\\\/TransPod_Logo_Colour_black.png\",\"width\":988,\"height\":896,\"caption\":\"Official TransPod Store\"},\"image\":{\"@id\":\"https:\\\/\\\/store.transpod.com\\\/fr\\\/#\\\/schema\\\/logo\\\/image\\\/\"},\"sameAs\":[\"https:\\\/\\\/www.facebook.com\\\/TransPodInc\",\"https:\\\/\\\/x.com\\\/transpod_inc\",\"https:\\\/\\\/www.linkedin.com\\\/company\\\/transpod-inc-\\\/\",\"https:\\\/\\\/www.instagram.com\\\/transpod_inc\\\/\",\"https:\\\/\\\/www.youtube.com\\\/c\\\/TransPod\"]}]}<\/script>\n<!-- \/ Yoast SEO plugin. -->","yoast_head_json":{"title":"La puissance r\u00e9invent\u00e9e (FR \/ EN) - Official TransPod Store","robots":{"index":"index","follow":"follow","max-snippet":"max-snippet:-1","max-image-preview":"max-image-preview:large","max-video-preview":"max-video-preview:-1"},"canonical":"https:\/\/store.transpod.com\/fr\/produit\/la-puissance-reinventee\/","og_locale":"fr_FR","og_type":"article","og_title":"La puissance r\u00e9invent\u00e9e (FR \/ EN) - Official TransPod Store","og_description":"La Crois\u00e9e des Mondes \u2013 une conf\u00e9rence militaro-civile annuelle cofond\u00e9e par le cabinet de conseil The Boson Project et l\u2019Acad\u00e9mie militaire fran\u00e7aise \u2013 vise \u00e0 s\u2019interroger sur la nature des grands hommes et \u00e0 quoi ressemblera le leadership de demain, en remettant en question les hypoth\u00e8ses et en d\u00e9cryptant les monde moderne. Inspir\u00e9 de cette conf\u00e9rence, ce livre du Boson Project explore le th\u00e8me de la puissance r\u00e9invent\u00e9e.  Commander le format Kindle sur Amazon","og_url":"https:\/\/store.transpod.com\/fr\/produit\/la-puissance-reinventee\/","og_site_name":"Official TransPod Store","article_publisher":"https:\/\/www.facebook.com\/TransPodInc","article_modified_time":"2024-05-27T13:07:14+00:00","og_image":[{"width":1200,"height":1200,"url":"https:\/\/store.transpod.com\/wp-content\/uploads\/2024\/02\/power_reinvented.jpg","type":"image\/jpeg"}],"twitter_card":"summary_large_image","twitter_site":"@transpod_inc","twitter_misc":{"Dur\u00e9e de lecture estim\u00e9e":"1 minute"},"schema":{"@context":"https:\/\/schema.org","@graph":[{"@type":"WebPage","@id":"https:\/\/store.transpod.com\/fr\/produit\/la-puissance-reinventee\/","url":"https:\/\/store.transpod.com\/fr\/produit\/la-puissance-reinventee\/","name":"La puissance r\u00e9invent\u00e9e (FR \/ EN) - Official TransPod Store","isPartOf":{"@id":"https:\/\/store.transpod.com\/fr\/#website"},"primaryImageOfPage":{"@id":"https:\/\/store.transpod.com\/fr\/produit\/la-puissance-reinventee\/#primaryimage"},"image":{"@id":"https:\/\/store.transpod.com\/fr\/produit\/la-puissance-reinventee\/#primaryimage"},"thumbnailUrl":"https:\/\/store.transpod.com\/wp-content\/uploads\/2024\/02\/power_reinvented.jpg","datePublished":"2023-10-20T13:56:03+00:00","dateModified":"2024-05-27T13:07:14+00:00","breadcrumb":{"@id":"https:\/\/store.transpod.com\/fr\/produit\/la-puissance-reinventee\/#breadcrumb"},"inLanguage":"fr-FR","potentialAction":[{"@type":"ReadAction","target":["https:\/\/store.transpod.com\/fr\/produit\/la-puissance-reinventee\/"]}]},{"@type":"ImageObject","inLanguage":"fr-FR","@id":"https:\/\/store.transpod.com\/fr\/produit\/la-puissance-reinventee\/#primaryimage","url":"https:\/\/store.transpod.com\/wp-content\/uploads\/2024\/02\/power_reinvented.jpg","contentUrl":"https:\/\/store.transpod.com\/wp-content\/uploads\/2024\/02\/power_reinvented.jpg","width":1200,"height":1200,"caption":"Power Reinvented, At the Crossroads of the Worlds par The Boson Project"},{"@type":"BreadcrumbList","@id":"https:\/\/store.transpod.com\/fr\/produit\/la-puissance-reinventee\/#breadcrumb","itemListElement":[{"@type":"ListItem","position":1,"name":"Home","item":"https:\/\/store.transpod.com\/fr\/"},{"@type":"ListItem","position":2,"name":"Boutique","item":"https:\/\/store.transpod.com\/fr\/boutique\/"},{"@type":"ListItem","position":3,"name":"La puissance r\u00e9invent\u00e9e (FR \/ EN)"}]},{"@type":"WebSite","@id":"https:\/\/store.transpod.com\/fr\/#website","url":"https:\/\/store.transpod.com\/fr\/","name":"Official TransPod Store","description":"","publisher":{"@id":"https:\/\/store.transpod.com\/fr\/#organization"},"potentialAction":[{"@type":"SearchAction","target":{"@type":"EntryPoint","urlTemplate":"https:\/\/store.transpod.com\/fr\/?s={search_term_string}"},"query-input":{"@type":"PropertyValueSpecification","valueRequired":true,"valueName":"search_term_string"}}],"inLanguage":"fr-FR"},{"@type":"Organization","@id":"https:\/\/store.transpod.com\/fr\/#organization","name":"Official TransPod Store","url":"https:\/\/store.transpod.com\/fr\/","logo":{"@type":"ImageObject","inLanguage":"fr-FR","@id":"https:\/\/store.transpod.com\/fr\/#\/schema\/logo\/image\/","url":"https:\/\/store.transpod.com\/wp-content\/uploads\/2026\/03\/TransPod_Logo_Colour_black.png","contentUrl":"https:\/\/store.transpod.com\/wp-content\/uploads\/2026\/03\/TransPod_Logo_Colour_black.png","width":988,"height":896,"caption":"Official TransPod Store"},"image":{"@id":"https:\/\/store.transpod.com\/fr\/#\/schema\/logo\/image\/"},"sameAs":["https:\/\/www.facebook.com\/TransPodInc","https:\/\/x.com\/transpod_inc","https:\/\/www.linkedin.com\/company\/transpod-inc-\/","https:\/\/www.instagram.com\/transpod_inc\/","https:\/\/www.youtube.com\/c\/TransPod"]}]}},"_links":{"self":[{"href":"https:\/\/store.transpod.com\/fr\/wp-json\/wp\/v2\/product\/266","targetHints":{"allow":["GET"]}}],"collection":[{"href":"https:\/\/store.transpod.com\/fr\/wp-json\/wp\/v2\/product"}],"about":[{"href":"https:\/\/store.transpod.com\/fr\/wp-json\/wp\/v2\/types\/product"}],"wp:featuredmedia":[{"embeddable":true,"href":"https:\/\/store.transpod.com\/fr\/wp-json\/wp\/v2\/media\/191"}],"wp:attachment":[{"href":"https:\/\/store.transpod.com\/fr\/wp-json\/wp\/v2\/media?parent=266"}],"wp:term":[{"taxonomy":"product_brand","embeddable":true,"href":"https:\/\/store.transpod.com\/fr\/wp-json\/wp\/v2\/product_brand?post=266"},{"taxonomy":"product_cat","embeddable":true,"href":"https:\/\/store.transpod.com\/fr\/wp-json\/wp\/v2\/product_cat?post=266"},{"taxonomy":"product_tag","embeddable":true,"href":"https:\/\/store.transpod.com\/fr\/wp-json\/wp\/v2\/product_tag?post=266"}],"curies":[{"name":"wp","href":"https:\/\/api.w.org\/{rel}","templated":true}]}}