{"id":265,"date":"2023-10-20T15:58:20","date_gmt":"2023-10-20T13:58:20","guid":{"rendered":"https:\/\/store.transpod.com\/product\/comme-je-travaille-je-vis\/"},"modified":"2024-05-27T16:40:38","modified_gmt":"2024-05-27T14:40:38","slug":"comme-je-travaille-je-vis","status":"publish","type":"product","link":"https:\/\/store.transpod.com\/fr\/produit\/comme-je-travaille-je-vis\/","title":{"rendered":"Comme je travaille, je vis (FR \/ EN)"},"content":{"rendered":"","protected":false},"excerpt":{"rendered":"<p>\u00c0 l\u2019heure o\u00f9 le travail et la place qu\u2019il occupe dans nos vies sont plus que jamais remis en question, \u00e0 l\u2019heure o\u00f9 les tentations et les raisons sont grandes de lui tourner le dos, ce trait\u00e9 pour un travail \u00e9mancipateur est l\u2019exploration de ce \u00e0 quoi pourraient ressembler des activit\u00e9s professionnelles qui permettent de grandir, de s\u2019accomplir et de faire soci\u00e9t\u00e9 plut\u00f4t que d\u2019\u00e9puiser, d\u2019ali\u00e9ner et de fracturer. Ce voyage \u00e0 la crois\u00e9e des mondes sociologique, philosophique, manag\u00e9rial et organisationnel se nourrit aussi d\u2019\u00e9pop\u00e9es entrepreneuriales et de mod\u00e8les qui se confrontent au r\u00e9el pour proposer une troisi\u00e8me voie entre r\u00e9signation et abandon.<\/p>\n","protected":false},"featured_media":181,"template":"","meta":{"_acf_changed":false,"inline_featured_image":false},"product_brand":[],"product_cat":[39],"product_tag":[],"class_list":{"0":"post-265","1":"product","2":"type-product","3":"status-publish","4":"has-post-thumbnail","6":"product_cat-livres","8":"first","9":"instock","10":"taxable","11":"shipping-taxable","12":"purchasable","13":"product-type-variable"},"acf":[],"yoast_head":"<!-- This site is optimized with the Yoast SEO plugin v27.5 - https:\/\/yoast.com\/product\/yoast-seo-wordpress\/ -->\n<title>Comme je travaille, je vis (FR \/ EN) - Official TransPod Store<\/title>\n<meta name=\"robots\" content=\"index, follow, max-snippet:-1, max-image-preview:large, max-video-preview:-1\" \/>\n<link rel=\"canonical\" href=\"https:\/\/store.transpod.com\/fr\/produit\/comme-je-travaille-je-vis\/\" \/>\n<meta property=\"og:locale\" content=\"fr_FR\" \/>\n<meta property=\"og:type\" content=\"article\" \/>\n<meta property=\"og:title\" content=\"Comme je travaille, je vis (FR \/ EN) - Official TransPod Store\" \/>\n<meta property=\"og:description\" content=\"\u00c0 l\u2019heure o\u00f9 le travail et la place qu\u2019il occupe dans nos vies sont plus que jamais remis en question, \u00e0 l\u2019heure o\u00f9 les tentations et les raisons sont grandes de lui tourner le dos, ce trait\u00e9 pour un travail \u00e9mancipateur est l\u2019exploration de ce \u00e0 quoi pourraient ressembler des activit\u00e9s professionnelles qui permettent de grandir, de s\u2019accomplir et de faire soci\u00e9t\u00e9 plut\u00f4t que d\u2019\u00e9puiser, d\u2019ali\u00e9ner et de fracturer. Ce voyage \u00e0 la crois\u00e9e des mondes sociologique, philosophique, manag\u00e9rial et organisationnel se nourrit aussi d\u2019\u00e9pop\u00e9es entrepreneuriales et de mod\u00e8les qui se confrontent au r\u00e9el pour proposer une troisi\u00e8me voie entre r\u00e9signation et abandon.\" \/>\n<meta property=\"og:url\" content=\"https:\/\/store.transpod.com\/fr\/produit\/comme-je-travaille-je-vis\/\" \/>\n<meta property=\"og:site_name\" content=\"Official TransPod Store\" \/>\n<meta property=\"article:publisher\" content=\"https:\/\/www.facebook.com\/TransPodInc\" \/>\n<meta property=\"article:modified_time\" content=\"2024-05-27T14:40:38+00:00\" \/>\n<meta property=\"og:image\" content=\"https:\/\/store.transpod.com\/wp-content\/uploads\/2023\/10\/as_i_work_i_live.jpg\" \/>\n\t<meta property=\"og:image:width\" content=\"1200\" \/>\n\t<meta property=\"og:image:height\" content=\"1200\" \/>\n\t<meta property=\"og:image:type\" content=\"image\/jpeg\" \/>\n<meta name=\"twitter:card\" content=\"summary_large_image\" \/>\n<meta name=\"twitter:site\" content=\"@transpod_inc\" \/>\n<meta name=\"twitter:label1\" content=\"Dur\u00e9e de lecture estim\u00e9e\" \/>\n\t<meta name=\"twitter:data1\" content=\"1 minute\" \/>\n<script type=\"application\/ld+json\" class=\"yoast-schema-graph\">{\"@context\":\"https:\\\/\\\/schema.org\",\"@graph\":[{\"@type\":\"WebPage\",\"@id\":\"https:\\\/\\\/store.transpod.com\\\/fr\\\/produit\\\/comme-je-travaille-je-vis\\\/\",\"url\":\"https:\\\/\\\/store.transpod.com\\\/fr\\\/produit\\\/comme-je-travaille-je-vis\\\/\",\"name\":\"Comme je travaille, je vis (FR \\\/ EN) - Official TransPod Store\",\"isPartOf\":{\"@id\":\"https:\\\/\\\/store.transpod.com\\\/fr\\\/#website\"},\"primaryImageOfPage\":{\"@id\":\"https:\\\/\\\/store.transpod.com\\\/fr\\\/produit\\\/comme-je-travaille-je-vis\\\/#primaryimage\"},\"image\":{\"@id\":\"https:\\\/\\\/store.transpod.com\\\/fr\\\/produit\\\/comme-je-travaille-je-vis\\\/#primaryimage\"},\"thumbnailUrl\":\"https:\\\/\\\/store.transpod.com\\\/wp-content\\\/uploads\\\/2023\\\/10\\\/as_i_work_i_live.jpg\",\"datePublished\":\"2023-10-20T13:58:20+00:00\",\"dateModified\":\"2024-05-27T14:40:38+00:00\",\"breadcrumb\":{\"@id\":\"https:\\\/\\\/store.transpod.com\\\/fr\\\/produit\\\/comme-je-travaille-je-vis\\\/#breadcrumb\"},\"inLanguage\":\"fr-FR\",\"potentialAction\":[{\"@type\":\"ReadAction\",\"target\":[\"https:\\\/\\\/store.transpod.com\\\/fr\\\/produit\\\/comme-je-travaille-je-vis\\\/\"]}]},{\"@type\":\"ImageObject\",\"inLanguage\":\"fr-FR\",\"@id\":\"https:\\\/\\\/store.transpod.com\\\/fr\\\/produit\\\/comme-je-travaille-je-vis\\\/#primaryimage\",\"url\":\"https:\\\/\\\/store.transpod.com\\\/wp-content\\\/uploads\\\/2023\\\/10\\\/as_i_work_i_live.jpg\",\"contentUrl\":\"https:\\\/\\\/store.transpod.com\\\/wp-content\\\/uploads\\\/2023\\\/10\\\/as_i_work_i_live.jpg\",\"width\":1200,\"height\":1200,\"caption\":\"Livre \\\"Comme je travaille, je vis\\\"\"},{\"@type\":\"BreadcrumbList\",\"@id\":\"https:\\\/\\\/store.transpod.com\\\/fr\\\/produit\\\/comme-je-travaille-je-vis\\\/#breadcrumb\",\"itemListElement\":[{\"@type\":\"ListItem\",\"position\":1,\"name\":\"Home\",\"item\":\"https:\\\/\\\/store.transpod.com\\\/fr\\\/\"},{\"@type\":\"ListItem\",\"position\":2,\"name\":\"Boutique\",\"item\":\"https:\\\/\\\/store.transpod.com\\\/fr\\\/boutique\\\/\"},{\"@type\":\"ListItem\",\"position\":3,\"name\":\"Comme je travaille, je vis (FR \\\/ EN)\"}]},{\"@type\":\"WebSite\",\"@id\":\"https:\\\/\\\/store.transpod.com\\\/fr\\\/#website\",\"url\":\"https:\\\/\\\/store.transpod.com\\\/fr\\\/\",\"name\":\"Official TransPod Store\",\"description\":\"\",\"publisher\":{\"@id\":\"https:\\\/\\\/store.transpod.com\\\/fr\\\/#organization\"},\"potentialAction\":[{\"@type\":\"SearchAction\",\"target\":{\"@type\":\"EntryPoint\",\"urlTemplate\":\"https:\\\/\\\/store.transpod.com\\\/fr\\\/?s={search_term_string}\"},\"query-input\":{\"@type\":\"PropertyValueSpecification\",\"valueRequired\":true,\"valueName\":\"search_term_string\"}}],\"inLanguage\":\"fr-FR\"},{\"@type\":\"Organization\",\"@id\":\"https:\\\/\\\/store.transpod.com\\\/fr\\\/#organization\",\"name\":\"Official TransPod Store\",\"url\":\"https:\\\/\\\/store.transpod.com\\\/fr\\\/\",\"logo\":{\"@type\":\"ImageObject\",\"inLanguage\":\"fr-FR\",\"@id\":\"https:\\\/\\\/store.transpod.com\\\/fr\\\/#\\\/schema\\\/logo\\\/image\\\/\",\"url\":\"https:\\\/\\\/store.transpod.com\\\/wp-content\\\/uploads\\\/2026\\\/03\\\/TransPod_Logo_Colour_black.png\",\"contentUrl\":\"https:\\\/\\\/store.transpod.com\\\/wp-content\\\/uploads\\\/2026\\\/03\\\/TransPod_Logo_Colour_black.png\",\"width\":988,\"height\":896,\"caption\":\"Official TransPod Store\"},\"image\":{\"@id\":\"https:\\\/\\\/store.transpod.com\\\/fr\\\/#\\\/schema\\\/logo\\\/image\\\/\"},\"sameAs\":[\"https:\\\/\\\/www.facebook.com\\\/TransPodInc\",\"https:\\\/\\\/x.com\\\/transpod_inc\",\"https:\\\/\\\/www.linkedin.com\\\/company\\\/transpod-inc-\\\/\",\"https:\\\/\\\/www.instagram.com\\\/transpod_inc\\\/\",\"https:\\\/\\\/www.youtube.com\\\/c\\\/TransPod\"]}]}<\/script>\n<!-- \/ Yoast SEO plugin. -->","yoast_head_json":{"title":"Comme je travaille, je vis (FR \/ EN) - Official TransPod Store","robots":{"index":"index","follow":"follow","max-snippet":"max-snippet:-1","max-image-preview":"max-image-preview:large","max-video-preview":"max-video-preview:-1"},"canonical":"https:\/\/store.transpod.com\/fr\/produit\/comme-je-travaille-je-vis\/","og_locale":"fr_FR","og_type":"article","og_title":"Comme je travaille, je vis (FR \/ EN) - Official TransPod Store","og_description":"\u00c0 l\u2019heure o\u00f9 le travail et la place qu\u2019il occupe dans nos vies sont plus que jamais remis en question, \u00e0 l\u2019heure o\u00f9 les tentations et les raisons sont grandes de lui tourner le dos, ce trait\u00e9 pour un travail \u00e9mancipateur est l\u2019exploration de ce \u00e0 quoi pourraient ressembler des activit\u00e9s professionnelles qui permettent de grandir, de s\u2019accomplir et de faire soci\u00e9t\u00e9 plut\u00f4t que d\u2019\u00e9puiser, d\u2019ali\u00e9ner et de fracturer. Ce voyage \u00e0 la crois\u00e9e des mondes sociologique, philosophique, manag\u00e9rial et organisationnel se nourrit aussi d\u2019\u00e9pop\u00e9es entrepreneuriales et de mod\u00e8les qui se confrontent au r\u00e9el pour proposer une troisi\u00e8me voie entre r\u00e9signation et abandon.","og_url":"https:\/\/store.transpod.com\/fr\/produit\/comme-je-travaille-je-vis\/","og_site_name":"Official TransPod Store","article_publisher":"https:\/\/www.facebook.com\/TransPodInc","article_modified_time":"2024-05-27T14:40:38+00:00","og_image":[{"width":1200,"height":1200,"url":"https:\/\/store.transpod.com\/wp-content\/uploads\/2023\/10\/as_i_work_i_live.jpg","type":"image\/jpeg"}],"twitter_card":"summary_large_image","twitter_site":"@transpod_inc","twitter_misc":{"Dur\u00e9e de lecture estim\u00e9e":"1 minute"},"schema":{"@context":"https:\/\/schema.org","@graph":[{"@type":"WebPage","@id":"https:\/\/store.transpod.com\/fr\/produit\/comme-je-travaille-je-vis\/","url":"https:\/\/store.transpod.com\/fr\/produit\/comme-je-travaille-je-vis\/","name":"Comme je travaille, je vis (FR \/ EN) - Official TransPod Store","isPartOf":{"@id":"https:\/\/store.transpod.com\/fr\/#website"},"primaryImageOfPage":{"@id":"https:\/\/store.transpod.com\/fr\/produit\/comme-je-travaille-je-vis\/#primaryimage"},"image":{"@id":"https:\/\/store.transpod.com\/fr\/produit\/comme-je-travaille-je-vis\/#primaryimage"},"thumbnailUrl":"https:\/\/store.transpod.com\/wp-content\/uploads\/2023\/10\/as_i_work_i_live.jpg","datePublished":"2023-10-20T13:58:20+00:00","dateModified":"2024-05-27T14:40:38+00:00","breadcrumb":{"@id":"https:\/\/store.transpod.com\/fr\/produit\/comme-je-travaille-je-vis\/#breadcrumb"},"inLanguage":"fr-FR","potentialAction":[{"@type":"ReadAction","target":["https:\/\/store.transpod.com\/fr\/produit\/comme-je-travaille-je-vis\/"]}]},{"@type":"ImageObject","inLanguage":"fr-FR","@id":"https:\/\/store.transpod.com\/fr\/produit\/comme-je-travaille-je-vis\/#primaryimage","url":"https:\/\/store.transpod.com\/wp-content\/uploads\/2023\/10\/as_i_work_i_live.jpg","contentUrl":"https:\/\/store.transpod.com\/wp-content\/uploads\/2023\/10\/as_i_work_i_live.jpg","width":1200,"height":1200,"caption":"Livre \"Comme je travaille, je vis\""},{"@type":"BreadcrumbList","@id":"https:\/\/store.transpod.com\/fr\/produit\/comme-je-travaille-je-vis\/#breadcrumb","itemListElement":[{"@type":"ListItem","position":1,"name":"Home","item":"https:\/\/store.transpod.com\/fr\/"},{"@type":"ListItem","position":2,"name":"Boutique","item":"https:\/\/store.transpod.com\/fr\/boutique\/"},{"@type":"ListItem","position":3,"name":"Comme je travaille, je vis (FR \/ EN)"}]},{"@type":"WebSite","@id":"https:\/\/store.transpod.com\/fr\/#website","url":"https:\/\/store.transpod.com\/fr\/","name":"Official TransPod Store","description":"","publisher":{"@id":"https:\/\/store.transpod.com\/fr\/#organization"},"potentialAction":[{"@type":"SearchAction","target":{"@type":"EntryPoint","urlTemplate":"https:\/\/store.transpod.com\/fr\/?s={search_term_string}"},"query-input":{"@type":"PropertyValueSpecification","valueRequired":true,"valueName":"search_term_string"}}],"inLanguage":"fr-FR"},{"@type":"Organization","@id":"https:\/\/store.transpod.com\/fr\/#organization","name":"Official TransPod Store","url":"https:\/\/store.transpod.com\/fr\/","logo":{"@type":"ImageObject","inLanguage":"fr-FR","@id":"https:\/\/store.transpod.com\/fr\/#\/schema\/logo\/image\/","url":"https:\/\/store.transpod.com\/wp-content\/uploads\/2026\/03\/TransPod_Logo_Colour_black.png","contentUrl":"https:\/\/store.transpod.com\/wp-content\/uploads\/2026\/03\/TransPod_Logo_Colour_black.png","width":988,"height":896,"caption":"Official TransPod Store"},"image":{"@id":"https:\/\/store.transpod.com\/fr\/#\/schema\/logo\/image\/"},"sameAs":["https:\/\/www.facebook.com\/TransPodInc","https:\/\/x.com\/transpod_inc","https:\/\/www.linkedin.com\/company\/transpod-inc-\/","https:\/\/www.instagram.com\/transpod_inc\/","https:\/\/www.youtube.com\/c\/TransPod"]}]}},"_links":{"self":[{"href":"https:\/\/store.transpod.com\/fr\/wp-json\/wp\/v2\/product\/265","targetHints":{"allow":["GET"]}}],"collection":[{"href":"https:\/\/store.transpod.com\/fr\/wp-json\/wp\/v2\/product"}],"about":[{"href":"https:\/\/store.transpod.com\/fr\/wp-json\/wp\/v2\/types\/product"}],"wp:featuredmedia":[{"embeddable":true,"href":"https:\/\/store.transpod.com\/fr\/wp-json\/wp\/v2\/media\/181"}],"wp:attachment":[{"href":"https:\/\/store.transpod.com\/fr\/wp-json\/wp\/v2\/media?parent=265"}],"wp:term":[{"taxonomy":"product_brand","embeddable":true,"href":"https:\/\/store.transpod.com\/fr\/wp-json\/wp\/v2\/product_brand?post=265"},{"taxonomy":"product_cat","embeddable":true,"href":"https:\/\/store.transpod.com\/fr\/wp-json\/wp\/v2\/product_cat?post=265"},{"taxonomy":"product_tag","embeddable":true,"href":"https:\/\/store.transpod.com\/fr\/wp-json\/wp\/v2\/product_tag?post=265"}],"curies":[{"name":"wp","href":"https:\/\/api.w.org\/{rel}","templated":true}]}}